{"id":132,"date":"2016-01-25T14:25:28","date_gmt":"2016-01-25T14:25:28","guid":{"rendered":"http:\/\/test.ringet.cz\/domains\/test.ringet.cz\/?page_id=132"},"modified":"2016-08-01T21:10:13","modified_gmt":"2016-08-01T21:10:13","slug":"videogalerie","status":"publish","type":"page","link":"http:\/\/www.ringet.cz\/?page_id=132","title":{"rendered":"Videogalerie"},"content":{"rendered":"<p><iframe loading=\"lazy\" width=\"560\" height=\"315\" src=\"https:\/\/www.youtube.com\/embed\/UmX0Awc8ThI\" frameborder=\"0\" allowfullscreen><\/iframe><\/p>\n<p><iframe loading=\"lazy\" width=\"560\" height=\"315\" src=\"https:\/\/www.youtube.com\/embed\/Ns8Lx0Qf158\" frameborder=\"0\" allowfullscreen><\/iframe><\/p>\n<p><strong>\u00a02.z\u00e1pas fin\u00e1le President\u00b4s Trophy Finsko U20 x Canada U21<\/strong><\/p>\n<p><iframe loading=\"lazy\" src=\"https:\/\/www.youtube.com\/embed\/2k0CaoG-wPI\" width=\"409\" height=\"409\" frameborder=\"0\" allowfullscreen=\"allowfullscreen\"><\/iframe><\/p>\n<p><strong>WRC 2016 &#8211; Kanada U21 x \u010cesk\u00e1 republika<\/strong><\/p>\n<p><iframe loading=\"lazy\" src=\"https:\/\/www.youtube.com\/embed\/g0Bv8j9s5ZM\" width=\"413\" height=\"413\" frameborder=\"0\" allowfullscreen=\"allowfullscreen\"><\/iframe><\/p>\n<p><strong>WRC 2016 &#8211; Finsko U20 x \u010cesk\u00e1 republika<\/strong><\/p>\n<p><iframe loading=\"lazy\" src=\"https:\/\/www.youtube.com\/embed\/stIXguxjIbQ\" width=\"411\" height=\"411\" frameborder=\"0\" allowfullscreen=\"allowfullscreen\"><\/iframe><\/p>\n<p><strong>WRC 2016 Slovensko x Finsko U21<\/strong><\/p>\n<p><iframe loading=\"lazy\" src=\"https:\/\/www.youtube.com\/embed\/-vskfkHJTe0\" width=\"412\" height=\"412\" frameborder=\"0\" allowfullscreen=\"allowfullscreen\"><\/iframe><\/p>\n<p>&nbsp;<\/p>\n<hr \/>\n<p><strong>Report\u00e1\u017e z Czech Challenge Cupu 2015 (Praha TV)<\/strong><\/p>\n<p><iframe loading=\"lazy\" src=\"https:\/\/www.youtube.com\/embed\/73tEAtZjOo8\" width=\"416\" height=\"416\" frameborder=\"0\" allowfullscreen=\"allowfullscreen\"><\/iframe><\/p>\n<p><strong>\u010cesk\u00e9 ringetov\u00e9 za\u010d\u00e1tky<\/strong><\/p>\n<p><iframe loading=\"lazy\" src=\"https:\/\/www.youtube.com\/embed\/zqEzclzzu24\" width=\"560\" height=\"315\" frameborder=\"0\" allowfullscreen=\"allowfullscreen\"><\/iframe><\/p>\n","protected":false},"excerpt":{"rendered":"<p>\u00a02.z\u00e1pas fin\u00e1le President\u00b4s Trophy Finsko U20 x Canada U21 WRC 2016 &#8211; Kanada U21 x \u010cesk\u00e1 republika WRC 2016 &#8211; Finsko U20 x \u010cesk\u00e1 republika WRC 2016 Slovensko x Finsko U21 &nbsp; Report\u00e1\u017e z Czech Challenge Cupu 2015 (Praha TV) \u010cesk\u00e9 ringetov\u00e9 za\u010d\u00e1tky<\/p>\n","protected":false},"author":1,"featured_media":0,"parent":127,"menu_order":0,"comment_status":"closed","ping_status":"open","template":"","meta":{"footnotes":""},"class_list":["post-132","page","type-page","status-publish","hentry"],"_links":{"self":[{"href":"http:\/\/www.ringet.cz\/index.php?rest_route=\/wp\/v2\/pages\/132","targetHints":{"allow":["GET"]}}],"collection":[{"href":"http:\/\/www.ringet.cz\/index.php?rest_route=\/wp\/v2\/pages"}],"about":[{"href":"http:\/\/www.ringet.cz\/index.php?rest_route=\/wp\/v2\/types\/page"}],"author":[{"embeddable":true,"href":"http:\/\/www.ringet.cz\/index.php?rest_route=\/wp\/v2\/users\/1"}],"replies":[{"embeddable":true,"href":"http:\/\/www.ringet.cz\/index.php?rest_route=%2Fwp%2Fv2%2Fcomments&post=132"}],"version-history":[{"count":9,"href":"http:\/\/www.ringet.cz\/index.php?rest_route=\/wp\/v2\/pages\/132\/revisions"}],"predecessor-version":[{"id":807,"href":"http:\/\/www.ringet.cz\/index.php?rest_route=\/wp\/v2\/pages\/132\/revisions\/807"}],"up":[{"embeddable":true,"href":"http:\/\/www.ringet.cz\/index.php?rest_route=\/wp\/v2\/pages\/127"}],"wp:attachment":[{"href":"http:\/\/www.ringet.cz\/index.php?rest_route=%2Fwp%2Fv2%2Fmedia&parent=132"}],"curies":[{"name":"wp","href":"https:\/\/api.w.org\/{rel}","templated":true}]}}