{"id":1343,"date":"2019-11-14T19:02:52","date_gmt":"2019-11-14T19:02:52","guid":{"rendered":"http:\/\/www.ringet.cz\/?page_id=1343"},"modified":"2023-07-14T19:05:03","modified_gmt":"2023-07-14T19:05:03","slug":"mistrovstvi-sveta-2019-vancouver","status":"publish","type":"page","link":"http:\/\/www.ringet.cz\/?page_id=1343","title":{"rendered":"Mistrovstv\u00ed sv\u011bta 2019 Vancouver"},"content":{"rendered":"<p><a href=\"http:\/\/ringet.cz\/domains\/ringet.cz\/wp-content\/uploads\/2023\/07\/bronz-tym-2019.jpg\">\u010ce\u0161ky op\u011bt bronzov\u00e9 !!!<img loading=\"lazy\" decoding=\"async\" class=\"alignnone wp-image-1344 size-full\" src=\"http:\/\/ringet.cz\/domains\/ringet.cz\/wp-content\/uploads\/2023\/07\/bronz-tym-2019.jpg\" alt=\"\" width=\"960\" height=\"540\" srcset=\"http:\/\/ringet.cz\/domains\/ringet.cz\/wp-content\/uploads\/2023\/07\/bronz-tym-2019.jpg 960w, http:\/\/ringet.cz\/domains\/ringet.cz\/wp-content\/uploads\/2023\/07\/bronz-tym-2019-300x169.jpg 300w, http:\/\/ringet.cz\/domains\/ringet.cz\/wp-content\/uploads\/2023\/07\/bronz-tym-2019-768x432.jpg 768w\" sizes=\"auto, (max-width: 960px) 100vw, 960px\" \/><\/a><\/p>\n","protected":false},"excerpt":{"rendered":"<p>\u010ce\u0161ky op\u011bt bronzov\u00e9 !!!<\/p>\n","protected":false},"author":1,"featured_media":0,"parent":56,"menu_order":0,"comment_status":"closed","ping_status":"closed","template":"","meta":{"footnotes":""},"class_list":["post-1343","page","type-page","status-publish","hentry"],"_links":{"self":[{"href":"http:\/\/www.ringet.cz\/index.php?rest_route=\/wp\/v2\/pages\/1343","targetHints":{"allow":["GET"]}}],"collection":[{"href":"http:\/\/www.ringet.cz\/index.php?rest_route=\/wp\/v2\/pages"}],"about":[{"href":"http:\/\/www.ringet.cz\/index.php?rest_route=\/wp\/v2\/types\/page"}],"author":[{"embeddable":true,"href":"http:\/\/www.ringet.cz\/index.php?rest_route=\/wp\/v2\/users\/1"}],"replies":[{"embeddable":true,"href":"http:\/\/www.ringet.cz\/index.php?rest_route=%2Fwp%2Fv2%2Fcomments&post=1343"}],"version-history":[{"count":1,"href":"http:\/\/www.ringet.cz\/index.php?rest_route=\/wp\/v2\/pages\/1343\/revisions"}],"predecessor-version":[{"id":1345,"href":"http:\/\/www.ringet.cz\/index.php?rest_route=\/wp\/v2\/pages\/1343\/revisions\/1345"}],"up":[{"embeddable":true,"href":"http:\/\/www.ringet.cz\/index.php?rest_route=\/wp\/v2\/pages\/56"}],"wp:attachment":[{"href":"http:\/\/www.ringet.cz\/index.php?rest_route=%2Fwp%2Fv2%2Fmedia&parent=1343"}],"curies":[{"name":"wp","href":"https:\/\/api.w.org\/{rel}","templated":true}]}}