{"id":35,"date":"2016-01-24T16:30:10","date_gmt":"2016-01-24T16:30:10","guid":{"rendered":"http:\/\/test.ringet.cz\/domains\/test.ringet.cz\/?page_id=35"},"modified":"2016-06-03T19:55:08","modified_gmt":"2016-06-03T19:55:08","slug":"souteze","status":"publish","type":"page","link":"http:\/\/www.ringet.cz\/?page_id=35","title":{"rendered":"\u010cesk\u00fd poh\u00e1r"},"content":{"rendered":"<p><a href=\"http:\/\/test.ringet.cz\/domains\/test.ringet.cz\/wp-content\/uploads\/2016\/01\/ceskypohar.jpg\"><img loading=\"lazy\" decoding=\"async\" class=\" size-thumbnail wp-image-38 alignleft\" src=\"http:\/\/test.ringet.cz\/domains\/test.ringet.cz\/wp-content\/uploads\/2016\/01\/ceskypohar-150x150.jpg\" alt=\"ceskypohar\" width=\"150\" height=\"150\" \/><\/a><span style=\"color: #000000; font-size: medium;\">\u010cesk\u00fd ringetov\u00fd poh\u00e1r je soubor turnaj\u016f sm\u00ed\u0161en\u00fdch dru\u017estev v pr\u016fb\u011bhu cel\u00e9 sez\u00f3ny. Hraje se dle upraven\u00fdch pravidel pro miniringet.<br \/>\n<\/span><\/p>\n<p>C\u00edlem \u010cesk\u00e9ho poh\u00e1ru je p\u0159edev\u0161\u00edm roz\u0161\u00ed\u0159en\u00ed hr\u00e1\u010dsk\u00e9 z\u00e1kladny a prezentace ringetu \u0161irok\u00e9 ve\u0159ejnosti. Z\u00e1jemci se mohou touto cestou nau\u010dit z\u00e1kladn\u00ed pravidla a logiku hry, a to nez\u00e1vazn\u011b kdykoliv b\u011bhem cel\u00e9ho ro\u010dn\u00edku.<\/p>\n<p>\u010cl\u00e1nky, informace, v\u00fdsledky naleznete <a href=\"http:\/\/test.ringet.cz\/domains\/test.ringet.cz\/?tag=cesky-pohar\">zde<\/a><\/p>\n<p>&nbsp;<\/p>\n","protected":false},"excerpt":{"rendered":"<p>\u010cesk\u00fd ringetov\u00fd poh\u00e1r je soubor turnaj\u016f sm\u00ed\u0161en\u00fdch dru\u017estev v pr\u016fb\u011bhu cel\u00e9 sez\u00f3ny. Hraje se dle upraven\u00fdch pravidel pro miniringet. C\u00edlem \u010cesk\u00e9ho poh\u00e1ru je p\u0159edev\u0161\u00edm roz\u0161\u00ed\u0159en\u00ed hr\u00e1\u010dsk\u00e9 z\u00e1kladny a prezentace ringetu \u0161irok\u00e9 ve\u0159ejnosti. Z\u00e1jemci se mohou touto cestou nau\u010dit z\u00e1kladn\u00ed pravidla a logiku hry, a to nez\u00e1vazn\u011b kdykoliv b\u011bhem cel\u00e9ho ro\u010dn\u00edku. \u010cl\u00e1nky, informace, v\u00fdsledky naleznete zde &hellip; <a href=\"http:\/\/www.ringet.cz\/?page_id=35\" class=\"more-link\">Pokra\u010dov\u00e1n\u00ed textu <span class=\"screen-reader-text\">\u010cesk\u00fd poh\u00e1r<\/span> <span class=\"meta-nav\">&rarr;<\/span><\/a><\/p>\n","protected":false},"author":1,"featured_media":0,"parent":40,"menu_order":0,"comment_status":"closed","ping_status":"open","template":"","meta":{"footnotes":""},"class_list":["post-35","page","type-page","status-publish","hentry"],"_links":{"self":[{"href":"http:\/\/www.ringet.cz\/index.php?rest_route=\/wp\/v2\/pages\/35","targetHints":{"allow":["GET"]}}],"collection":[{"href":"http:\/\/www.ringet.cz\/index.php?rest_route=\/wp\/v2\/pages"}],"about":[{"href":"http:\/\/www.ringet.cz\/index.php?rest_route=\/wp\/v2\/types\/page"}],"author":[{"embeddable":true,"href":"http:\/\/www.ringet.cz\/index.php?rest_route=\/wp\/v2\/users\/1"}],"replies":[{"embeddable":true,"href":"http:\/\/www.ringet.cz\/index.php?rest_route=%2Fwp%2Fv2%2Fcomments&post=35"}],"version-history":[{"count":6,"href":"http:\/\/www.ringet.cz\/index.php?rest_route=\/wp\/v2\/pages\/35\/revisions"}],"predecessor-version":[{"id":511,"href":"http:\/\/www.ringet.cz\/index.php?rest_route=\/wp\/v2\/pages\/35\/revisions\/511"}],"up":[{"embeddable":true,"href":"http:\/\/www.ringet.cz\/index.php?rest_route=\/wp\/v2\/pages\/40"}],"wp:attachment":[{"href":"http:\/\/www.ringet.cz\/index.php?rest_route=%2Fwp%2Fv2%2Fmedia&parent=35"}],"curies":[{"name":"wp","href":"https:\/\/api.w.org\/{rel}","templated":true}]}}