{"id":421,"date":"2016-02-03T19:30:46","date_gmt":"2016-02-03T19:30:46","guid":{"rendered":"http:\/\/test.ringet.cz\/test.index.php\/?page_id=421"},"modified":"2016-06-28T11:28:00","modified_gmt":"2016-06-28T11:28:00","slug":"nabory","status":"publish","type":"page","link":"http:\/\/www.ringet.cz\/?page_id=421","title":{"rendered":"N\u00e1bory"},"content":{"rendered":"<p><a href=\"http:\/\/test.ringet.cz\/domains\/test.ringet.cz\/wp-content\/uploads\/2016\/02\/pojd-hrat-ringet.png\"><img loading=\"lazy\" decoding=\"async\" class=\"aligncenter wp-image-422 size-large\" src=\"http:\/\/test.ringet.cz\/domains\/test.ringet.cz\/wp-content\/uploads\/2016\/02\/pojd-hrat-ringet-1024x468.png\" alt=\"pojd hrat ringet\" width=\"474\" height=\"217\" srcset=\"http:\/\/ringet.cz\/domains\/ringet.cz\/wp-content\/uploads\/2016\/02\/pojd-hrat-ringet-1024x468.png 1024w, http:\/\/ringet.cz\/domains\/ringet.cz\/wp-content\/uploads\/2016\/02\/pojd-hrat-ringet-300x137.png 300w, http:\/\/ringet.cz\/domains\/ringet.cz\/wp-content\/uploads\/2016\/02\/pojd-hrat-ringet.png 2000w\" sizes=\"auto, (max-width: 474px) 100vw, 474px\" \/><\/a><\/p>\n<p>aktuality najdete <a href=\"http:\/\/test.ringet.cz\/test.index.php\/category\/nabory\/\">zde<\/a><\/p>\n<p><strong>N\u00e1bory jsou ur\u010deny<\/strong> pro v\u0161echny z\u00e1jemce bez rozd\u00edlu v\u011bku, pohlav\u00ed, brusla\u0159sk\u00fdch a hern\u00edch dovednost\u00ed. V\u0161e pot\u0159ebn\u00e9 se nau\u010d\u00edte.<\/p>\n<p>Pro za\u010d\u00e1tek V\u00e1m sta\u010d\u00ed vlastn\u00ed hokejov\u00e9 brusle, sportovn\u00ed oble\u010den\u00ed, jak\u00e1koliv helma a chr\u00e1ni\u010de lokt\u016f a kolen.<\/p>\n<p>V\u00edce informac\u00ed o prob\u00edhaj\u00edc\u00edch n\u00e1borech, kontakty na jednotliv\u00e9 kluby atd., V\u00e1m r\u00e1di poskytneme na sekretariat@ringet.cz.<\/p>\n","protected":false},"excerpt":{"rendered":"<p>aktuality najdete zde N\u00e1bory jsou ur\u010deny pro v\u0161echny z\u00e1jemce bez rozd\u00edlu v\u011bku, pohlav\u00ed, brusla\u0159sk\u00fdch a hern\u00edch dovednost\u00ed. V\u0161e pot\u0159ebn\u00e9 se nau\u010d\u00edte. Pro za\u010d\u00e1tek V\u00e1m sta\u010d\u00ed vlastn\u00ed hokejov\u00e9 brusle, sportovn\u00ed oble\u010den\u00ed, jak\u00e1koliv helma a chr\u00e1ni\u010de lokt\u016f a kolen. V\u00edce informac\u00ed o prob\u00edhaj\u00edc\u00edch n\u00e1borech, kontakty na jednotliv\u00e9 kluby atd., V\u00e1m r\u00e1di poskytneme na sekretariat@ringet.cz.<\/p>\n","protected":false},"author":1,"featured_media":0,"parent":0,"menu_order":0,"comment_status":"closed","ping_status":"open","template":"","meta":{"footnotes":""},"class_list":["post-421","page","type-page","status-publish","hentry"],"_links":{"self":[{"href":"http:\/\/www.ringet.cz\/index.php?rest_route=\/wp\/v2\/pages\/421","targetHints":{"allow":["GET"]}}],"collection":[{"href":"http:\/\/www.ringet.cz\/index.php?rest_route=\/wp\/v2\/pages"}],"about":[{"href":"http:\/\/www.ringet.cz\/index.php?rest_route=\/wp\/v2\/types\/page"}],"author":[{"embeddable":true,"href":"http:\/\/www.ringet.cz\/index.php?rest_route=\/wp\/v2\/users\/1"}],"replies":[{"embeddable":true,"href":"http:\/\/www.ringet.cz\/index.php?rest_route=%2Fwp%2Fv2%2Fcomments&post=421"}],"version-history":[{"count":4,"href":"http:\/\/www.ringet.cz\/index.php?rest_route=\/wp\/v2\/pages\/421\/revisions"}],"predecessor-version":[{"id":743,"href":"http:\/\/www.ringet.cz\/index.php?rest_route=\/wp\/v2\/pages\/421\/revisions\/743"}],"wp:attachment":[{"href":"http:\/\/www.ringet.cz\/index.php?rest_route=%2Fwp%2Fv2%2Fmedia&parent=421"}],"curies":[{"name":"wp","href":"https:\/\/api.w.org\/{rel}","templated":true}]}}