{"id":472,"date":"2016-06-03T14:57:42","date_gmt":"2016-06-03T14:57:42","guid":{"rendered":"http:\/\/test.ringet.cz\/test.index.php\/?page_id=472"},"modified":"2016-06-14T07:47:32","modified_gmt":"2016-06-14T07:47:32","slug":"pro-kluby","status":"publish","type":"page","link":"http:\/\/www.ringet.cz\/?page_id=472","title":{"rendered":"Pro kluby"},"content":{"rendered":"<p>Kluby maj\u00edc\u00ed z\u00e1jem o \u010dlenstv\u00ed v \u010cSRI mus\u00ed vyplnit a odeslat P\u0159ihl\u00e1\u0161ku (<a href=\"http:\/\/test.ringet.cz\/test.index.php\/csri-2\/dokumenty\/\">ZDE<\/a> ke sta\u017een\u00ed), kterou za\u0161lou po\u0161tou nebo oskenovanou elektronickou cestou na sekretari\u00e1t \u010cSRI. (sekretariat@ringet.cz, \u010cSRI Levsk\u00e9ho 3199\/39, 143 00 Praha 4). Spolu s p\u0159ihl\u00e1\u0161kou je nutn\u00e9 zaslat kopii Stanov spolku nebo V\u00fdpis z obchodn\u00edho rejst\u0159\u00edku. O p\u0159ijet\u00ed nov\u00fdch \u010dlen\u016f n\u00e1sledn\u011b rozhoduje V\u00fdkonn\u00fd v\u00fdbor \u010cSRI na sv\u00e9m nejbli\u017e\u0161\u00edm zased\u00e1n\u00ed. Zaregistrovan\u00fd klub je povinen do 10-ti dn\u00ed od obdr\u017een\u00ed potvrzen\u00e9 P\u0159ihl\u00e1\u0161ky, odeslat registra\u010dn\u00ed poplatek ve v\u00fd\u0161i 2.500,- K\u010d na \u00fa\u010det \u010d\u00edslo: <strong>270352110\/0300, VS: 4001,<\/strong> do pozn\u00e1mky je nutn\u00e9 uv\u00e9st n\u00e1zev klubu<strong>.<\/strong><\/p>\n<p>Ji\u017e registrovan\u00e9 kluby plat\u00ed ro\u010dn\u00ed \u010dlensk\u00fd poplatek ve v\u00fd\u0161i 2.000,- K\u010d v\u017edy do 25.2. toho roku, na \u00fa\u010det \u010d\u00edslo: <strong>270352110\/0300, VS: 5001,<\/strong> do pozn\u00e1mky nutn\u00e9 uv\u00e9st n\u00e1zev klubu.<\/p>\n<p>Pouze registrovan\u00e9 kluby jsou opr\u00e1vn\u011bn\u00e9 \u00fa\u010dastnit se Mistrovsk\u00fdch sout\u011b\u017e\u00ed po\u0159\u00e1dan\u00fdch svazem.<\/p>\n<p>\u010cSRI v r\u00e1mci sv\u00fdch mo\u017enost\u00ed poskytuje klub\u016fm \u00fa\u010dastn\u00edc\u00edm se rozvojov\u00e9ho projektu &#8222;Poj\u010f hr\u00e1t ringet&#8220; a &#8222;Ringet do \u0161kol&#8220; materi\u00e1ln\u00ed, p\u0159\u00edpadn\u011b finan\u010dn\u00ed podporu. V\u00edce informac\u00ed na sekretariat@ringet.cz.<\/p>\n<p>&nbsp;<\/p>\n","protected":false},"excerpt":{"rendered":"<p>Kluby maj\u00edc\u00ed z\u00e1jem o \u010dlenstv\u00ed v \u010cSRI mus\u00ed vyplnit a odeslat P\u0159ihl\u00e1\u0161ku (ZDE ke sta\u017een\u00ed), kterou za\u0161lou po\u0161tou nebo oskenovanou elektronickou cestou na sekretari\u00e1t \u010cSRI. (sekretariat@ringet.cz, \u010cSRI Levsk\u00e9ho 3199\/39, 143 00 Praha 4). Spolu s p\u0159ihl\u00e1\u0161kou je nutn\u00e9 zaslat kopii Stanov spolku nebo V\u00fdpis z obchodn\u00edho rejst\u0159\u00edku. O p\u0159ijet\u00ed nov\u00fdch \u010dlen\u016f n\u00e1sledn\u011b rozhoduje V\u00fdkonn\u00fd v\u00fdbor &hellip; <a href=\"http:\/\/www.ringet.cz\/?page_id=472\" class=\"more-link\">Pokra\u010dov\u00e1n\u00ed textu <span class=\"screen-reader-text\">Pro kluby<\/span> <span class=\"meta-nav\">&rarr;<\/span><\/a><\/p>\n","protected":false},"author":1,"featured_media":0,"parent":0,"menu_order":0,"comment_status":"closed","ping_status":"open","template":"","meta":{"footnotes":""},"class_list":["post-472","page","type-page","status-publish","hentry"],"_links":{"self":[{"href":"http:\/\/www.ringet.cz\/index.php?rest_route=\/wp\/v2\/pages\/472","targetHints":{"allow":["GET"]}}],"collection":[{"href":"http:\/\/www.ringet.cz\/index.php?rest_route=\/wp\/v2\/pages"}],"about":[{"href":"http:\/\/www.ringet.cz\/index.php?rest_route=\/wp\/v2\/types\/page"}],"author":[{"embeddable":true,"href":"http:\/\/www.ringet.cz\/index.php?rest_route=\/wp\/v2\/users\/1"}],"replies":[{"embeddable":true,"href":"http:\/\/www.ringet.cz\/index.php?rest_route=%2Fwp%2Fv2%2Fcomments&post=472"}],"version-history":[{"count":7,"href":"http:\/\/www.ringet.cz\/index.php?rest_route=\/wp\/v2\/pages\/472\/revisions"}],"predecessor-version":[{"id":476,"href":"http:\/\/www.ringet.cz\/index.php?rest_route=\/wp\/v2\/pages\/472\/revisions\/476"}],"wp:attachment":[{"href":"http:\/\/www.ringet.cz\/index.php?rest_route=%2Fwp%2Fv2%2Fmedia&parent=472"}],"curies":[{"name":"wp","href":"https:\/\/api.w.org\/{rel}","templated":true}]}}