{"id":488,"date":"2016-06-03T18:16:54","date_gmt":"2016-06-03T18:16:54","guid":{"rendered":"http:\/\/test.ringet.cz\/test.index.php\/?page_id=488"},"modified":"2023-07-11T19:31:54","modified_gmt":"2023-07-11T19:31:54","slug":"dokumenty","status":"publish","type":"page","link":"http:\/\/www.ringet.cz\/?page_id=488","title":{"rendered":"Dokumenty"},"content":{"rendered":"<p><a href=\"http:\/\/ringet.cz\/domains\/ringet.cz\/wp-content\/uploads\/2016\/06\/P\u0159ihl\u00e1\u0161ka-klubu-do-\u010cesk\u00e9ho-svazu-ringetu.pdf\" target=\"_blank\" rel=\"noopener\">P\u0159ihl\u00e1\u0161ka klubu do \u010cesk\u00e9ho svazu ringetu<\/a> (doc)<br \/>\n<a href=\"http:\/\/test.ringet.cz\/domains\/test.ringet.cz\/wp-content\/uploads\/2016\/06\/P\u0159ihl\u00e1\u0161ka-klubu-do-\u010cesk\u00e9ho-svazu-ringetu.pdf\" target=\"_blank\" rel=\"noopener\">P\u0159ihl\u00e1\u0161ka klubu do \u010cesk\u00e9ho svazu ringetu<\/a> (pdf)<\/p>\n<p><a href=\"http:\/\/ringet.cz\/domains\/ringet.cz\/wp-content\/uploads\/2016\/06\/Registra\u010dn\u00ed-l\u00edstek-hr\u00e1\u010d-hr\u00e1\u010dka.pdf\" target=\"_blank\" rel=\"noopener\">Registra\u010dn\u00ed l\u00edstek hr\u00e1\u010dka\/hr\u00e1\u010d<\/a> (pdf)<br \/>\n<a href=\"https:\/\/www.ringet.cz\/?page_id=607\" target=\"_blank\" rel=\"noopener\">Online registrace<\/a><\/p>\n<p><a href=\"http:\/\/ringette.czechian.net\/dokumenty\/rules.pdf\" target=\"_blank\" rel=\"noopener\">Kompletn\u00ed zn\u011bn\u00ed pravidel IRF &#8211; anglick\u00e1 verze<\/a> (pdf)<br \/>\n<a href=\"https:\/\/www.ringet.cz\/?page_id=10\" target=\"_blank\" rel=\"noopener\">Z\u00e1kladn\u00ed pravidla ringetu<\/a><\/p>\n<p>&nbsp;<\/p>\n","protected":false},"excerpt":{"rendered":"<p>P\u0159ihl\u00e1\u0161ka klubu do \u010cesk\u00e9ho svazu ringetu (doc) P\u0159ihl\u00e1\u0161ka klubu do \u010cesk\u00e9ho svazu ringetu (pdf) Registra\u010dn\u00ed l\u00edstek hr\u00e1\u010dka\/hr\u00e1\u010d (pdf) Online registrace Kompletn\u00ed zn\u011bn\u00ed pravidel IRF &#8211; anglick\u00e1 verze (pdf) Z\u00e1kladn\u00ed pravidla ringetu &nbsp;<\/p>\n","protected":false},"author":1,"featured_media":0,"parent":429,"menu_order":0,"comment_status":"closed","ping_status":"open","template":"","meta":{"footnotes":""},"class_list":["post-488","page","type-page","status-publish","hentry"],"_links":{"self":[{"href":"http:\/\/www.ringet.cz\/index.php?rest_route=\/wp\/v2\/pages\/488","targetHints":{"allow":["GET"]}}],"collection":[{"href":"http:\/\/www.ringet.cz\/index.php?rest_route=\/wp\/v2\/pages"}],"about":[{"href":"http:\/\/www.ringet.cz\/index.php?rest_route=\/wp\/v2\/types\/page"}],"author":[{"embeddable":true,"href":"http:\/\/www.ringet.cz\/index.php?rest_route=\/wp\/v2\/users\/1"}],"replies":[{"embeddable":true,"href":"http:\/\/www.ringet.cz\/index.php?rest_route=%2Fwp%2Fv2%2Fcomments&post=488"}],"version-history":[{"count":14,"href":"http:\/\/www.ringet.cz\/index.php?rest_route=\/wp\/v2\/pages\/488\/revisions"}],"predecessor-version":[{"id":1241,"href":"http:\/\/www.ringet.cz\/index.php?rest_route=\/wp\/v2\/pages\/488\/revisions\/1241"}],"up":[{"embeddable":true,"href":"http:\/\/www.ringet.cz\/index.php?rest_route=\/wp\/v2\/pages\/429"}],"wp:attachment":[{"href":"http:\/\/www.ringet.cz\/index.php?rest_route=%2Fwp%2Fv2%2Fmedia&parent=488"}],"curies":[{"name":"wp","href":"https:\/\/api.w.org\/{rel}","templated":true}]}}