{"id":56,"date":"2016-01-24T16:45:34","date_gmt":"2016-01-24T16:45:34","guid":{"rendered":"http:\/\/test.ringet.cz\/domains\/test.ringet.cz\/?page_id=56"},"modified":"2023-07-16T09:13:03","modified_gmt":"2023-07-16T09:13:03","slug":"mistrovstvi-sveta-2016-finsko","status":"publish","type":"page","link":"http:\/\/www.ringet.cz\/?page_id=56","title":{"rendered":"Mistrovstv\u00ed sv\u011bta"},"content":{"rendered":"<p><strong>\u010cesk\u00e1 republika se \u00fa\u010dastn\u00ed Mistrovstv\u00ed sv\u011bta od roku 2016. <\/strong><\/p>\n<figure id=\"attachment_1261\" aria-describedby=\"caption-attachment-1261\" style=\"width: 300px\" class=\"wp-caption alignnone\"><img loading=\"lazy\" decoding=\"async\" class=\"wp-image-1261 size-medium\" src=\"http:\/\/ringet.cz\/domains\/ringet.cz\/wp-content\/uploads\/2023\/07\/IMG_6592-300x225.jpg\" alt=\"\" width=\"300\" height=\"225\" srcset=\"http:\/\/ringet.cz\/domains\/ringet.cz\/wp-content\/uploads\/2023\/07\/IMG_6592-300x225.jpg 300w, http:\/\/ringet.cz\/domains\/ringet.cz\/wp-content\/uploads\/2023\/07\/IMG_6592-1024x768.jpg 1024w, http:\/\/ringet.cz\/domains\/ringet.cz\/wp-content\/uploads\/2023\/07\/IMG_6592-768x576.jpg 768w, http:\/\/ringet.cz\/domains\/ringet.cz\/wp-content\/uploads\/2023\/07\/IMG_6592-1536x1152.jpg 1536w, http:\/\/ringet.cz\/domains\/ringet.cz\/wp-content\/uploads\/2023\/07\/IMG_6592-2048x1536.jpg 2048w\" sizes=\"auto, (max-width: 300px) 100vw, 300px\" \/><figcaption id=\"caption-attachment-1261\" class=\"wp-caption-text\">bronz MS 2022<\/figcaption><\/figure>\n<figure id=\"attachment_1344\" aria-describedby=\"caption-attachment-1344\" style=\"width: 300px\" class=\"wp-caption alignnone\"><img loading=\"lazy\" decoding=\"async\" class=\"wp-image-1344 size-medium\" src=\"http:\/\/ringet.cz\/domains\/ringet.cz\/wp-content\/uploads\/2023\/07\/bronz-tym-2019-300x169.jpg\" alt=\"\" width=\"300\" height=\"169\" srcset=\"http:\/\/ringet.cz\/domains\/ringet.cz\/wp-content\/uploads\/2023\/07\/bronz-tym-2019-300x169.jpg 300w, http:\/\/ringet.cz\/domains\/ringet.cz\/wp-content\/uploads\/2023\/07\/bronz-tym-2019-768x432.jpg 768w, http:\/\/ringet.cz\/domains\/ringet.cz\/wp-content\/uploads\/2023\/07\/bronz-tym-2019.jpg 960w\" sizes=\"auto, (max-width: 300px) 100vw, 300px\" \/><figcaption id=\"caption-attachment-1344\" class=\"wp-caption-text\">bronz MS 2019<\/figcaption><\/figure>\n<figure id=\"attachment_1348\" aria-describedby=\"caption-attachment-1348\" style=\"width: 300px\" class=\"wp-caption alignnone\"><img loading=\"lazy\" decoding=\"async\" class=\"wp-image-1348 size-medium\" src=\"http:\/\/ringet.cz\/domains\/ringet.cz\/wp-content\/uploads\/2023\/07\/bronz-tym-2017-300x200.jpg\" alt=\"\" width=\"300\" height=\"200\" srcset=\"http:\/\/ringet.cz\/domains\/ringet.cz\/wp-content\/uploads\/2023\/07\/bronz-tym-2017-300x200.jpg 300w, http:\/\/ringet.cz\/domains\/ringet.cz\/wp-content\/uploads\/2023\/07\/bronz-tym-2017-1024x683.jpg 1024w, http:\/\/ringet.cz\/domains\/ringet.cz\/wp-content\/uploads\/2023\/07\/bronz-tym-2017-768x512.jpg 768w, http:\/\/ringet.cz\/domains\/ringet.cz\/wp-content\/uploads\/2023\/07\/bronz-tym-2017.jpg 1245w\" sizes=\"auto, (max-width: 300px) 100vw, 300px\" \/><figcaption id=\"caption-attachment-1348\" class=\"wp-caption-text\">bronz MS 2017<\/figcaption><\/figure>\n<figure id=\"attachment_390\" aria-describedby=\"caption-attachment-390\" style=\"width: 300px\" class=\"wp-caption alignnone\"><img loading=\"lazy\" decoding=\"async\" class=\"wp-image-390 size-medium\" src=\"http:\/\/ringet.cz\/domains\/ringet.cz\/wp-content\/uploads\/2016\/01\/team-300x200.jpg\" alt=\"\" width=\"300\" height=\"200\" srcset=\"http:\/\/ringet.cz\/domains\/ringet.cz\/wp-content\/uploads\/2016\/01\/team-300x200.jpg 300w, http:\/\/ringet.cz\/domains\/ringet.cz\/wp-content\/uploads\/2016\/01\/team.jpg 960w\" sizes=\"auto, (max-width: 300px) 100vw, 300px\" \/><figcaption id=\"caption-attachment-390\" class=\"wp-caption-text\">prvn\u00ed \u00fa\u010dast \u010cR na MS 2016<\/figcaption><\/figure>\n<p><strong>Mistrovstv\u00ed sv\u011bta<\/strong><\/p>\n<p>1990 &#8211; Kanada, Gloucester<\/p>\n<p>1992 &#8211; Finsko, Helsinky<\/p>\n<p>1994 USA, Saint Paul<\/p>\n<p>1996 \u0160v\u00e9dsko, Stockholm<\/p>\n<p>1998 Ringette Summit Series &#8211; Finsko (Turku), \u0160v\u00e9dsko (Gothenburg), N\u011bmecko (Osnabr\u00fcck), Francie (Colmar)<\/p>\n<p>2000 Finsko, Espoo<\/p>\n<p>2002 Kanada, Edmonton<\/p>\n<p>2004 \u0160v\u00e9dsko, Stockholm<\/p>\n<p>2007 Kanada, Ottawa<\/p>\n<p>2010 Finsko, Tampere<\/p>\n<p>2013 Kanada, North Bay<\/p>\n<p>2016 Finsko, Helsinky (prvn\u00ed \u00fa\u010dast \u010cesk\u00e9 republiky &#8211; 6.m\u00edsto)<\/p>\n<p>2017 Kanada, Mississauga (\u010cesk\u00e1 republika &#8211; bronz)<\/p>\n<p>2019 Kanada, Burnaby (\u010cesk\u00e1 republika &#8211; bronz)<\/p>\n<p>2021 Finsko, Helsinky (zru\u0161eno kv\u016fli pandemii covid 19)<\/p>\n<p>2022 Finsko, Espoo (\u010cesk\u00e1 republika &#8211; bronz)<\/p>\n<p>2023 Kanada, Calgary<\/p>\n<p>&nbsp;<\/p>\n","protected":false},"excerpt":{"rendered":"<p>\u010cesk\u00e1 republika se \u00fa\u010dastn\u00ed Mistrovstv\u00ed sv\u011bta od roku 2016. Mistrovstv\u00ed sv\u011bta 1990 &#8211; Kanada, Gloucester 1992 &#8211; Finsko, Helsinky 1994 USA, Saint Paul 1996 \u0160v\u00e9dsko, Stockholm 1998 Ringette Summit Series &#8211; Finsko (Turku), \u0160v\u00e9dsko (Gothenburg), N\u011bmecko (Osnabr\u00fcck), Francie (Colmar) 2000 Finsko, Espoo 2002 Kanada, Edmonton 2004 \u0160v\u00e9dsko, Stockholm 2007 Kanada, Ottawa 2010 Finsko, Tampere 2013 &hellip; <a href=\"http:\/\/www.ringet.cz\/?page_id=56\" class=\"more-link\">Pokra\u010dov\u00e1n\u00ed textu <span class=\"screen-reader-text\">Mistrovstv\u00ed sv\u011bta<\/span> <span class=\"meta-nav\">&rarr;<\/span><\/a><\/p>\n","protected":false},"author":1,"featured_media":0,"parent":48,"menu_order":0,"comment_status":"closed","ping_status":"open","template":"","meta":{"footnotes":""},"class_list":["post-56","page","type-page","status-publish","hentry"],"_links":{"self":[{"href":"http:\/\/www.ringet.cz\/index.php?rest_route=\/wp\/v2\/pages\/56","targetHints":{"allow":["GET"]}}],"collection":[{"href":"http:\/\/www.ringet.cz\/index.php?rest_route=\/wp\/v2\/pages"}],"about":[{"href":"http:\/\/www.ringet.cz\/index.php?rest_route=\/wp\/v2\/types\/page"}],"author":[{"embeddable":true,"href":"http:\/\/www.ringet.cz\/index.php?rest_route=\/wp\/v2\/users\/1"}],"replies":[{"embeddable":true,"href":"http:\/\/www.ringet.cz\/index.php?rest_route=%2Fwp%2Fv2%2Fcomments&post=56"}],"version-history":[{"count":12,"href":"http:\/\/www.ringet.cz\/index.php?rest_route=\/wp\/v2\/pages\/56\/revisions"}],"predecessor-version":[{"id":1369,"href":"http:\/\/www.ringet.cz\/index.php?rest_route=\/wp\/v2\/pages\/56\/revisions\/1369"}],"up":[{"embeddable":true,"href":"http:\/\/www.ringet.cz\/index.php?rest_route=\/wp\/v2\/pages\/48"}],"wp:attachment":[{"href":"http:\/\/www.ringet.cz\/index.php?rest_route=%2Fwp%2Fv2%2Fmedia&parent=56"}],"curies":[{"name":"wp","href":"https:\/\/api.w.org\/{rel}","templated":true}]}}