{"id":66,"date":"2016-01-24T17:01:05","date_gmt":"2016-01-24T17:01:05","guid":{"rendered":"http:\/\/test.ringet.cz\/domains\/test.ringet.cz\/?page_id=66"},"modified":"2016-01-30T20:37:31","modified_gmt":"2016-01-30T20:37:31","slug":"vysledky-reprezentace","status":"publish","type":"page","link":"http:\/\/www.ringet.cz\/?page_id=66","title":{"rendered":"V\u00fdsledky reprezentace"},"content":{"rendered":"<p><span style=\"color: #0000ff;\"><b>Mistrovstv\u00ed sv\u011bta 27.12.2015 &#8211; 4.1.2016, Helsinky- Finsko<\/b><\/span> Kone\u010dn\u00e9 po\u0159ad\u00ed: 7.m\u00edsto<\/p>\n<p>\u010cesk\u00e1 republika x \u0160v\u00e9dsko U20 0:13<br \/>\nSlovensko x \u010cesk\u00e1 republika 5:1<br \/>\n\u0160v\u00e9dsko x\u00a0\u010cesk\u00e1 republika 1:22<br \/>\n\u010cesk\u00e1 republika x Finsko U 20 0:32<br \/>\n\u010cesk\u00e1 republika x USA 4:14<br \/>\n\u010cesk\u00e1 republika x Kanada U21 0:32<\/p>\n<p>podrobnosti naleznete <strong><span style=\"color: #000080;\"><a style=\"color: #000080;\" href=\"http:\/\/test.ringet.cz\/domains\/test.ringet.cz\/?tag=ms-2016\">zde<\/a><\/span><\/strong><\/p>\n<hr \/>\n<p><span style=\"color: #0000ff;\"><b>Czech Ringette Challenge Cup 2015 24.7.-26.7.2015, Praha<\/b><\/span><br \/>\nKone\u010dn\u00e9 po\u0159ad\u00ed: 5. \u010cesk\u00e1 republika \u010derven\u00e9, 6. \u010cesk\u00e1 republika b\u00edl\u00e9<\/p>\n<p>Ice Ladies x \u010cesk\u00e1 republika b\u00edl\u00e9 10:1<br \/>\n\u010cesk\u00e1 republika \u010derven\u00e9 x Ulriksdals SK 2:10<br \/>\n\u010cesk\u00e1 republika \u010derven\u00e9 x Haukat U16 0:11<br \/>\n\u010cesk\u00e1 republika b\u00edl\u00e9 x Ulriksdals SK 0:9<br \/>\n\u010cesk\u00e1 republika b\u00edl\u00e9 x \u010cesk\u00e1 republika \u010derven\u00e9 1:2<br \/>\nSlovensko x \u010cesk\u00e1 republika \u010derven\u00e9 8:0<br \/>\n\u010cesk\u00e1 republika b\u00edl\u00e9 x Haukat U16 0:17<br \/>\nIce Ladies x \u010cesk\u00e1 republika \u010derven\u00e9 7:2<br \/>\nSlovensko x \u010cesk\u00e1 republika b\u00edl\u00e9 1:4<\/p>\n<hr \/>\n<p><span style=\"color: #0000ff;\"><b>p\u0159\u00e1telsk\u00e9 utk\u00e1n\u00ed 12.4.2015, Liptovsk\u00fd Mikul\u00e1\u0161<\/b><\/span><br \/>\nSlovensko x \u010cesk\u00e1 republika 0:2<\/p>\n<hr \/>\n<p><span style=\"color: #0000ff;\"><b>p\u0159\u00e1telsk\u00e9 utk\u00e1n\u00ed 9.11.2014, Kl\u00e1\u0161terec nad Oh\u0159\u00ed<\/b><\/span><br \/>\n\u010cesk\u00e1 republika x Slovensko 1:4<\/p>\n<hr \/>\n<p><span style=\"color: #0000ff;\"><b>Czech Ringette Challenge Cup 2014 25.7.-27.7.2014, Praha<\/b><\/span><br \/>\nKone\u010dn\u00e9 po\u0159ad\u00ed: 8.m\u00edsto<br \/>\n\u010cesk\u00e1 republika x Slovensk\u00e1 republika 2:6<br \/>\nBurlington Team x \u010cesk\u00e1 republika 10:0<br \/>\n\u010cesk\u00e1 republika x Francie 2:3<br \/>\n\u010cesk\u00e1 republika x Hamilton Heat B 0:5<br \/>\n\u010cesk\u00e1 republika x Polar Bears 0:8<\/p>\n<p>podrobnosti naleznete <strong><a style=\"color: #000080;\" href=\"http:\/\/test.ringet.cz\/domains\/test.ringet.cz\/?tag=crcc-2014\">zde<\/a><\/strong><\/p>\n","protected":false},"excerpt":{"rendered":"<p>Mistrovstv\u00ed sv\u011bta 27.12.2015 &#8211; 4.1.2016, Helsinky- Finsko Kone\u010dn\u00e9 po\u0159ad\u00ed: 7.m\u00edsto \u010cesk\u00e1 republika x \u0160v\u00e9dsko U20 0:13 Slovensko x \u010cesk\u00e1 republika 5:1 \u0160v\u00e9dsko x\u00a0\u010cesk\u00e1 republika 1:22 \u010cesk\u00e1 republika x Finsko U 20 0:32 \u010cesk\u00e1 republika x USA 4:14 \u010cesk\u00e1 republika x Kanada U21 0:32 podrobnosti naleznete zde Czech Ringette Challenge Cup 2015 24.7.-26.7.2015, Praha Kone\u010dn\u00e9 po\u0159ad\u00ed: &hellip; <a href=\"http:\/\/www.ringet.cz\/?page_id=66\" class=\"more-link\">Pokra\u010dov\u00e1n\u00ed textu <span class=\"screen-reader-text\">V\u00fdsledky reprezentace<\/span> <span class=\"meta-nav\">&rarr;<\/span><\/a><\/p>\n","protected":false},"author":1,"featured_media":0,"parent":48,"menu_order":0,"comment_status":"closed","ping_status":"open","template":"","meta":{"footnotes":""},"class_list":["post-66","page","type-page","status-publish","hentry"],"_links":{"self":[{"href":"http:\/\/www.ringet.cz\/index.php?rest_route=\/wp\/v2\/pages\/66","targetHints":{"allow":["GET"]}}],"collection":[{"href":"http:\/\/www.ringet.cz\/index.php?rest_route=\/wp\/v2\/pages"}],"about":[{"href":"http:\/\/www.ringet.cz\/index.php?rest_route=\/wp\/v2\/types\/page"}],"author":[{"embeddable":true,"href":"http:\/\/www.ringet.cz\/index.php?rest_route=\/wp\/v2\/users\/1"}],"replies":[{"embeddable":true,"href":"http:\/\/www.ringet.cz\/index.php?rest_route=%2Fwp%2Fv2%2Fcomments&post=66"}],"version-history":[{"count":6,"href":"http:\/\/www.ringet.cz\/index.php?rest_route=\/wp\/v2\/pages\/66\/revisions"}],"predecessor-version":[{"id":419,"href":"http:\/\/www.ringet.cz\/index.php?rest_route=\/wp\/v2\/pages\/66\/revisions\/419"}],"up":[{"embeddable":true,"href":"http:\/\/www.ringet.cz\/index.php?rest_route=\/wp\/v2\/pages\/48"}],"wp:attachment":[{"href":"http:\/\/www.ringet.cz\/index.php?rest_route=%2Fwp%2Fv2%2Fmedia&parent=66"}],"curies":[{"name":"wp","href":"https:\/\/api.w.org\/{rel}","templated":true}]}}