{"id":666,"date":"2016-06-27T19:52:31","date_gmt":"2016-06-27T19:52:31","guid":{"rendered":"http:\/\/test.ringet.cz\/test.index.php\/?page_id=666"},"modified":"2016-06-27T20:00:28","modified_gmt":"2016-06-27T20:00:28","slug":"statistiky-hracek","status":"publish","type":"page","link":"http:\/\/www.ringet.cz\/?page_id=666","title":{"rendered":"Statistiky hr\u00e1\u010dek"},"content":{"rendered":"<h1 style=\"text-align: center;\"><span style=\"color: #000080;\">Statistiky hr\u00e1\u010dek<\/span><\/h1>\n\n<table id=\"tablepress-4\" class=\"tablepress tablepress-id-4\">\n<thead>\n<tr class=\"row-1\">\n\t<td class=\"column-1\"><\/td><th class=\"column-2\">T\u00fdm<\/th><th class=\"column-3\">Jm\u00e9no<\/th><th class=\"column-4\">G<\/th><th class=\"column-5\">A<\/th><th class=\"column-6\">B<\/th><th class=\"column-7\">S<\/th><th class=\"column-8\">T<\/th>\n<\/tr>\n<\/thead>\n<tbody class=\"row-striping row-hover\">\n<tr class=\"row-2\">\n\t<td class=\"column-1\">1.<\/td><td class=\"column-2\">Finsko U20<\/td><td class=\"column-3\">Kyll\u00f6nen Laura<\/td><td class=\"column-4\">16<\/td><td class=\"column-5\">25<\/td><td class=\"column-6\">41<\/td><td class=\"column-7\">84<\/td><td class=\"column-8\">2<\/td>\n<\/tr>\n<tr class=\"row-3\">\n\t<td class=\"column-1\">2.<\/td><td class=\"column-2\">Finsko U20<\/td><td class=\"column-3\">Uusi-K\u00e4mpp\u00e4 Miranda<\/td><td class=\"column-4\">21<\/td><td class=\"column-5\">16<\/td><td class=\"column-6\">37<\/td><td class=\"column-7\">101<\/td><td class=\"column-8\">4<\/td>\n<\/tr>\n<tr class=\"row-4\">\n\t<td class=\"column-1\">3.<\/td><td class=\"column-2\">Finsko U20<\/td><td class=\"column-3\">Sipola Nea<\/td><td class=\"column-4\">16<\/td><td class=\"column-5\">20<\/td><td class=\"column-6\">36<\/td><td class=\"column-7\">70<\/td><td class=\"column-8\">4<\/td>\n<\/tr>\n<tr class=\"row-5\">\n\t<td class=\"column-1\">48.<\/td><td class=\"column-2\">\u010cesko<\/td><td class=\"column-3\">Dominique Rodrigue<\/td><td class=\"column-4\">3<\/td><td class=\"column-5\">2<\/td><td class=\"column-6\">5<\/td><td class=\"column-7\">32<\/td><td class=\"column-8\">0<\/td>\n<\/tr>\n<tr class=\"row-6\">\n\t<td class=\"column-1\">68.<\/td><td class=\"column-2\">\u010cesko<\/td><td class=\"column-3\">Soukupov\u00e1 Tereza<\/td><td class=\"column-4\">1<\/td><td class=\"column-5\">1<\/td><td class=\"column-6\">2<\/td><td class=\"column-7\">17<\/td><td class=\"column-8\">6<\/td>\n<\/tr>\n<tr class=\"row-7\">\n\t<td class=\"column-1\">75.<\/td><td class=\"column-2\">\u010cesko<\/td><td class=\"column-3\">\u010capkov\u00e1 Kate\u0159ina<\/td><td class=\"column-4\">1<\/td><td class=\"column-5\">0<\/td><td class=\"column-6\">1<\/td><td class=\"column-7\">14<\/td><td class=\"column-8\">10<\/td>\n<\/tr>\n<\/tbody>\n<\/table>\n<!-- #tablepress-4 from cache -->\n<p>vysv\u011btlivky: G &#8211; po\u010det vst\u0159elen\u00fdch branek, A &#8211; po\u010det asistenc\u00ed, B &#8211; body, S &#8211; po\u010det st\u0159el, T &#8211; tresty<\/p>\n<h1 style=\"text-align: center;\"><span style=\"color: #000080;\">Statistiky\u00a0golmanek<\/span><\/h1>\n\n<table id=\"tablepress-5\" class=\"tablepress tablepress-id-5\">\n<thead>\n<tr class=\"row-1\">\n\t<th class=\"column-1\">jm\u00e9no<\/th><th class=\"column-2\">t\u00fdm<\/th><th class=\"column-3\">G<\/th><th class=\"column-4\">M<\/th><th class=\"column-5\">Z<\/th><th class=\"column-6\">B<\/th><th class=\"column-7\">%<\/th><th class=\"column-8\">SB<\/th>\n<\/tr>\n<\/thead>\n<tbody class=\"row-striping row-hover\">\n<tr class=\"row-2\">\n\t<td class=\"column-1\">H\u016flkov\u00e1 Veronika<\/td><td class=\"column-2\">\u010cesko<\/td><td class=\"column-3\">6<\/td><td class=\"column-4\">360<\/td><td class=\"column-5\">469<\/td><td class=\"column-6\">118<\/td><td class=\"column-7\">79,89<\/td><td class=\"column-8\">842<\/td>\n<\/tr>\n<tr class=\"row-3\">\n\t<td class=\"column-1\">Heikkinen Roosa-Mari<\/td><td class=\"column-2\">Finsko U20<\/td><td class=\"column-3\">2<\/td><td class=\"column-4\">179<\/td><td class=\"column-5\">45<\/td><td class=\"column-6\">7<\/td><td class=\"column-7\">86,53<\/td><td class=\"column-8\"><\/td>\n<\/tr>\n<tr class=\"row-4\">\n\t<td class=\"column-1\">Kokkonen Heidi<\/td><td class=\"column-2\">Finsko U20<\/td><td class=\"column-3\">1<\/td><td class=\"column-4\">60<\/td><td class=\"column-5\">22<\/td><td class=\"column-6\">0<\/td><td class=\"column-7\">100<\/td><td class=\"column-8\"><\/td>\n<\/tr>\n<tr class=\"row-5\">\n\t<td class=\"column-1\">Niskanen Annika<\/td><td class=\"column-2\">Finsko U20<\/td><td class=\"column-3\">1<\/td><td class=\"column-4\">120<\/td><td class=\"column-5\">21<\/td><td class=\"column-6\">3<\/td><td class=\"column-7\">87,5<\/td><td class=\"column-8\"><\/td>\n<\/tr>\n<tr class=\"row-6\">\n\t<td class=\"column-1\">St-Pierre Laurie<\/td><td class=\"column-2\">Kanada U21<\/td><td class=\"column-3\">2<\/td><td class=\"column-4\">160<\/td><td class=\"column-5\">39<\/td><td class=\"column-6\">5<\/td><td class=\"column-7\">88,63<\/td><td class=\"column-8\"><\/td>\n<\/tr>\n<tr class=\"row-7\">\n\t<td class=\"column-1\">Bannerman Ryan<\/td><td class=\"column-2\">Kanada U21<\/td><td class=\"column-3\">1<\/td><td class=\"column-4\">60<\/td><td class=\"column-5\">2<\/td><td class=\"column-6\">0<\/td><td class=\"column-7\">100<\/td><td class=\"column-8\"><\/td>\n<\/tr>\n<tr class=\"row-8\">\n\t<td class=\"column-1\">Hoban Ellen<\/td><td class=\"column-2\">Kanada U21<\/td><td class=\"column-3\">1<\/td><td class=\"column-4\">80<\/td><td class=\"column-5\">7<\/td><td class=\"column-6\">1<\/td><td class=\"column-7\">87,5<\/td><td class=\"column-8\"><\/td>\n<\/tr>\n<tr class=\"row-9\">\n\t<td class=\"column-1\">\u00daredn\u00edkov\u00e1 Veronika<\/td><td class=\"column-2\">Slovensko<\/td><td class=\"column-3\">6<\/td><td class=\"column-4\">360<\/td><td class=\"column-5\">386<\/td><td class=\"column-6\">123<\/td><td class=\"column-7\">75,83<\/td><td class=\"column-8\">738<\/td>\n<\/tr>\n<tr class=\"row-10\">\n\t<td class=\"column-1\">Jensen Hanna<\/td><td class=\"column-2\">\u0160v\u00e9dsko<\/td><td class=\"column-3\">4<\/td><td class=\"column-4\">240<\/td><td class=\"column-5\">64<\/td><td class=\"column-6\">14<\/td><td class=\"column-7\">82,05<\/td><td class=\"column-8\"><\/td>\n<\/tr>\n<tr class=\"row-11\">\n\t<td class=\"column-1\">Ahlberg Jeidi<\/td><td class=\"column-2\">\u0160v\u00e9dsko<\/td><td class=\"column-3\">2<\/td><td class=\"column-4\">120<\/td><td class=\"column-5\">85<\/td><td class=\"column-6\">17<\/td><td class=\"column-7\">83,33<\/td><td class=\"column-8\"><\/td>\n<\/tr>\n<tr class=\"row-12\">\n\t<td class=\"column-1\">Varpula Beatrice<\/td><td class=\"column-2\">\u0160v\u00e9dsko U20<\/td><td class=\"column-3\">2<\/td><td class=\"column-4\">240<\/td><td class=\"column-5\">179<\/td><td class=\"column-6\">59<\/td><td class=\"column-7\">75,21<\/td><td class=\"column-8\"><\/td>\n<\/tr>\n<tr class=\"row-13\">\n\t<td class=\"column-1\">V\u00e4yrynen Alexandra<\/td><td class=\"column-2\">\u0160v\u00e9dsko U20<\/td><td class=\"column-3\">4<\/td><td class=\"column-4\">120<\/td><td class=\"column-5\">71<\/td><td class=\"column-6\">26<\/td><td class=\"column-7\">73,19<\/td><td class=\"column-8\"><\/td>\n<\/tr>\n<tr class=\"row-14\">\n\t<td class=\"column-1\">Stevens Tara<\/td><td class=\"column-2\">USA<\/td><td class=\"column-3\">2<\/td><td class=\"column-4\">107<\/td><td class=\"column-5\">150<\/td><td class=\"column-6\">107<\/td><td class=\"column-7\">79,85<\/td><td class=\"column-8\"><\/td>\n<\/tr>\n<tr class=\"row-15\">\n\t<td class=\"column-1\">Dickin Jessica<\/td><td class=\"column-2\">USA<\/td><td class=\"column-3\">3<\/td><td class=\"column-4\">139<\/td><td class=\"column-5\">180<\/td><td class=\"column-6\">139<\/td><td class=\"column-7\">79,88<\/td><td class=\"column-8\"><\/td>\n<\/tr>\n<\/tbody>\n<\/table>\n<!-- #tablepress-5 from cache -->\n<p>vysv\u011btlivky: G &#8211; po\u010det z\u00e1pas\u016f, M &#8211; po\u010det odchytan\u00fdch minut, Z &#8211; po\u010det z\u00e1sah\u016f, B &#8211; po\u010det obdr\u017een\u00fdch branek, % &#8211; \u00fasp\u011b\u0161nost v procentech, SB &#8211; st\u0159ely na branku (v\u010detn\u011b zblokovan\u00fdch a mimo)<\/p>\n","protected":false},"excerpt":{"rendered":"<p>Statistiky hr\u00e1\u010dek vysv\u011btlivky: G &#8211; po\u010det vst\u0159elen\u00fdch branek, A &#8211; po\u010det asistenc\u00ed, B &#8211; body, S &#8211; po\u010det st\u0159el, T &#8211; tresty Statistiky\u00a0golmanek vysv\u011btlivky: G &#8211; po\u010det z\u00e1pas\u016f, M &#8211; po\u010det odchytan\u00fdch minut, Z &#8211; po\u010det z\u00e1sah\u016f, B &#8211; po\u010det obdr\u017een\u00fdch branek, % &#8211; \u00fasp\u011b\u0161nost v procentech, SB &#8211; st\u0159ely na branku (v\u010detn\u011b zblokovan\u00fdch a &hellip; <a href=\"http:\/\/www.ringet.cz\/?page_id=666\" class=\"more-link\">Pokra\u010dov\u00e1n\u00ed textu <span class=\"screen-reader-text\">Statistiky hr\u00e1\u010dek<\/span> <span class=\"meta-nav\">&rarr;<\/span><\/a><\/p>\n","protected":false},"author":1,"featured_media":0,"parent":650,"menu_order":0,"comment_status":"closed","ping_status":"closed","template":"","meta":{"footnotes":""},"class_list":["post-666","page","type-page","status-publish","hentry"],"_links":{"self":[{"href":"http:\/\/www.ringet.cz\/index.php?rest_route=\/wp\/v2\/pages\/666","targetHints":{"allow":["GET"]}}],"collection":[{"href":"http:\/\/www.ringet.cz\/index.php?rest_route=\/wp\/v2\/pages"}],"about":[{"href":"http:\/\/www.ringet.cz\/index.php?rest_route=\/wp\/v2\/types\/page"}],"author":[{"embeddable":true,"href":"http:\/\/www.ringet.cz\/index.php?rest_route=\/wp\/v2\/users\/1"}],"replies":[{"embeddable":true,"href":"http:\/\/www.ringet.cz\/index.php?rest_route=%2Fwp%2Fv2%2Fcomments&post=666"}],"version-history":[{"count":3,"href":"http:\/\/www.ringet.cz\/index.php?rest_route=\/wp\/v2\/pages\/666\/revisions"}],"predecessor-version":[{"id":673,"href":"http:\/\/www.ringet.cz\/index.php?rest_route=\/wp\/v2\/pages\/666\/revisions\/673"}],"up":[{"embeddable":true,"href":"http:\/\/www.ringet.cz\/index.php?rest_route=\/wp\/v2\/pages\/650"}],"wp:attachment":[{"href":"http:\/\/www.ringet.cz\/index.php?rest_route=%2Fwp%2Fv2%2Fmedia&parent=666"}],"curies":[{"name":"wp","href":"https:\/\/api.w.org\/{rel}","templated":true}]}}