{"id":777,"date":"2016-06-29T11:02:49","date_gmt":"2016-06-29T11:02:49","guid":{"rendered":"http:\/\/test.ringet.cz\/test.index.php\/?page_id=777"},"modified":"2017-05-31T15:45:22","modified_gmt":"2017-05-31T15:45:22","slug":"cesky-pohar-20162017","status":"publish","type":"page","link":"http:\/\/www.ringet.cz\/?page_id=777","title":{"rendered":"\u010cesk\u00fd poh\u00e1r 2017"},"content":{"rendered":"<p>2. ro\u010dn\u00edk \u010cesk\u00e9ho ringetov\u00e9ho poh\u00e1ru bude prob\u00edhat po cel\u00fd rok 2017. Je ur\u010den st\u00e1vaj\u00edc\u00edm hr\u00e1\u010d\u016fm, ringetov\u00fdm t\u00fdm\u016fm, ale p\u0159edev\u0161\u00edm nov\u00fdm tv\u00e1\u0159\u00edm. Pro v\u00edce informac\u00ed sledujte na\u0161e webov\u00e9 str\u00e1nky nebo facebookov\u00fd profil. Poj\u010fte hr\u00e1t ringet!<\/p>\n<p>M\u00e1te z\u00e1jem o po\u0159\u00e1d\u00e1n\u00ed n\u011bkter\u00e9ho z d\u00edl\u010d\u00edch turnaj\u016f na va\u0161em zimn\u00edm stadionu? Pokud ano, nev\u00e1hejte n\u00e1s kontaktovat.<\/p>\n<p><span class=\"fsl\">Hrac\u00ed syst\u00e9m ka\u017ed\u00fd s ka\u017ed\u00fdm dvoukolov\u011b (p\u0159i v\u011bt\u0161\u00edm po\u010dtu t\u00fdm\u016f jednokolov\u011b) 3\u00d73 na \u0161\u00ed\u0159ku h\u0159i\u0161t\u011b. Hraje se dle upraven\u00fdch pravidel pro miniringet. Hrac\u00ed \u010das 2 x 7 min. P\u0159ihl\u00e1sit se mohou cel\u00e9 t\u00fdmy, ale i jednotlivci.<\/span><\/p>\n<p><span class=\"fsl\">P\u0159ij\u010fte si zahr\u00e1t nebo se jen pod\u00edvat. Ve vyhrazen\u00e9 \u010d\u00e1sti h\u0159i\u0161t\u011b budete m\u00edt mo\u017enost vyzkou\u0161et si ringet na vlastn\u00ed k\u016f\u017ei, zap\u016fj\u010den\u00ed hol\u00ed a krou\u017ek\u016f zdarma. Pro hr\u00e1\u010de je povinn\u00e1 kompletn\u00ed ringetov\u00e1 (hokejov\u00e1) v\u00fdstroj. Ostatn\u00edm doporu\u010dujeme alespo\u0148 chr\u00e1ni\u010de kolen, lokt\u016f a hlavy. T\u011b\u0161\u00edme se na V\u00e1s<\/span><\/p>\n<p><a href=\"http:\/\/test.ringet.cz\/domains\/test.ringet.cz\/wp-content\/uploads\/2016\/06\/ceskypohar.png\"><img loading=\"lazy\" decoding=\"async\" class=\"size-thumbnail wp-image-885 aligncenter\" src=\"http:\/\/test.ringet.cz\/domains\/test.ringet.cz\/wp-content\/uploads\/2016\/06\/ceskypohar-150x150.png\" alt=\"ceskypohar\" width=\"150\" height=\"150\" \/><\/a><\/p>\n<hr \/>\n<p>3. turnaj prob\u011bhne 21.5.2017 na zimn\u00edm stadionu Hv\u011bzda od 10 hodin. Registrace jednotlivc\u016f i t\u00fdm\u016f naleznete\u00a0<span style=\"color: #000080;\"><a style=\"color: #000080;\" href=\"https:\/\/www.facebook.com\/events\/1370509672984936\/?acontext=%7B%22source%22%3A5%2C%22page_id_source%22%3A576925129029335%2C%22action_history%22%3A[%7B%22surface%22%3A%22page%22%2C%22mechanism%22%3A%22main_list%22%2C%22extra_data%22%3A%22%7B%5C%22page_id%5C%22%3A576925129029335%2C%5C%22tour_id%5C%22%3Anull%7D%22%7D]%2C%22has_source%22%3Atrue%7D\">&gt;zde<\/a><\/span><\/p>\n<p>2. turnaj \u010cRP 2017 se uskute\u010dn\u00ed 17.3.2017 na zimn\u00edm stadionu Eden od 22h. Registrace jednotlivc\u016f i t\u00fdm\u016f naleznete\u00a0<a href=\"https:\/\/www.facebook.com\/events\/1803048456628897\/?acontext=%7B%22source%22%3A5%2C%22page_id_source%22%3A576925129029335%2C%22action_history%22%3A[%7B%22surface%22%3A%22page%22%2C%22mechanism%22%3A%22main_list%22%2C%22extra_data%22%3A%22%7B%5C%22page_id%5C%22%3A576925129029335%2C%5C%22tour_id%5C%22%3Anull%7D%22%7D]%2C%22has_source%22%3Atrue%7D\"><span style=\"color: #000080;\">&gt;zde<\/span><\/a><\/p>\n<p>1.turnaj \u010cRP 2017 se uskute\u010dn\u00ed 17.2.2017 na zimn\u00edm stadionu Eden od 22h. Registrace jednotlivc\u016f i t\u00fdm\u016f naleznete\u00a0<a href=\"https:\/\/www.facebook.com\/events\/411691849173163\/?acontext=%7B%22ref%22%3A%224%22%2C%22action_history%22%3A%22null%22%7D\"><span style=\"color: #000080;\">&gt;zde<\/span><\/a><\/p>\n","protected":false},"excerpt":{"rendered":"<p>2. ro\u010dn\u00edk \u010cesk\u00e9ho ringetov\u00e9ho poh\u00e1ru bude prob\u00edhat po cel\u00fd rok 2017. Je ur\u010den st\u00e1vaj\u00edc\u00edm hr\u00e1\u010d\u016fm, ringetov\u00fdm t\u00fdm\u016fm, ale p\u0159edev\u0161\u00edm nov\u00fdm tv\u00e1\u0159\u00edm. Pro v\u00edce informac\u00ed sledujte na\u0161e webov\u00e9 str\u00e1nky nebo facebookov\u00fd profil. Poj\u010fte hr\u00e1t ringet! M\u00e1te z\u00e1jem o po\u0159\u00e1d\u00e1n\u00ed n\u011bkter\u00e9ho z d\u00edl\u010d\u00edch turnaj\u016f na va\u0161em zimn\u00edm stadionu? Pokud ano, nev\u00e1hejte n\u00e1s kontaktovat. Hrac\u00ed syst\u00e9m ka\u017ed\u00fd s &hellip; <a href=\"http:\/\/www.ringet.cz\/?page_id=777\" class=\"more-link\">Pokra\u010dov\u00e1n\u00ed textu <span class=\"screen-reader-text\">\u010cesk\u00fd poh\u00e1r 2017<\/span> <span class=\"meta-nav\">&rarr;<\/span><\/a><\/p>\n","protected":false},"author":1,"featured_media":0,"parent":35,"menu_order":0,"comment_status":"closed","ping_status":"closed","template":"","meta":{"footnotes":""},"class_list":["post-777","page","type-page","status-publish","hentry"],"_links":{"self":[{"href":"http:\/\/www.ringet.cz\/index.php?rest_route=\/wp\/v2\/pages\/777","targetHints":{"allow":["GET"]}}],"collection":[{"href":"http:\/\/www.ringet.cz\/index.php?rest_route=\/wp\/v2\/pages"}],"about":[{"href":"http:\/\/www.ringet.cz\/index.php?rest_route=\/wp\/v2\/types\/page"}],"author":[{"embeddable":true,"href":"http:\/\/www.ringet.cz\/index.php?rest_route=\/wp\/v2\/users\/1"}],"replies":[{"embeddable":true,"href":"http:\/\/www.ringet.cz\/index.php?rest_route=%2Fwp%2Fv2%2Fcomments&post=777"}],"version-history":[{"count":4,"href":"http:\/\/www.ringet.cz\/index.php?rest_route=\/wp\/v2\/pages\/777\/revisions"}],"predecessor-version":[{"id":886,"href":"http:\/\/www.ringet.cz\/index.php?rest_route=\/wp\/v2\/pages\/777\/revisions\/886"}],"up":[{"embeddable":true,"href":"http:\/\/www.ringet.cz\/index.php?rest_route=\/wp\/v2\/pages\/35"}],"wp:attachment":[{"href":"http:\/\/www.ringet.cz\/index.php?rest_route=%2Fwp%2Fv2%2Fmedia&parent=777"}],"curies":[{"name":"wp","href":"https:\/\/api.w.org\/{rel}","templated":true}]}}