{"id":800,"date":"2016-08-01T14:51:46","date_gmt":"2016-08-01T14:51:46","guid":{"rendered":"http:\/\/test.ringet.cz\/test.index.php\/?page_id=800"},"modified":"2016-08-01T14:51:46","modified_gmt":"2016-08-01T14:51:46","slug":"vysledky","status":"publish","type":"page","link":"http:\/\/www.ringet.cz\/?page_id=800","title":{"rendered":"V\u00fdsledky"},"content":{"rendered":"<p style=\"text-align: center;\"><strong>Mistr \u010cesk\u00e9 republiky v ringetu 2016<br \/>\nHC Esa Praha<br \/>\nV\u00edcemistr \u010cesk\u00e9 republiky v ringetu 2016<br \/>\nRC Roudnice nad Labem <\/strong><\/p>\n<p>nejlep\u0161\u00ed hr\u00e1\u010di: Dita Svobodov\u00e1 (Esa), Petra Ber\u00e1nkov\u00e1 (Roudnice)<br \/>\nneju\u017eite\u010dn\u011bj\u0161\u00ed hr\u00e1\u010d Mistrovstv\u00ed \u010cesk\u00e9 republiky: Veronika H\u016flkov\u00e1 (Esa)<\/p>\n<p><strong>HC Esa<\/strong><br \/>\n23 Veronika H\u016flkov\u00e1<br \/>\n19 Dita Svobodov\u00e1<br \/>\n29 Kate\u0159ina Svobodov\u00e1<br \/>\n58 Lenka Kubiskov\u00e1<br \/>\n44 Tereza Bobkov\u00e1<br \/>\n13 Anna Pokorn\u00e1<br \/>\n10 Tereza Soukupov\u00e1<br \/>\n38 Nina Geg\u00e1\u0148ov\u00e1<br \/>\n3 Dominik Rodrigue<br \/>\n62 Jan Mali\u010d<\/p>\n<p><strong>RC Roudnice nad Labem<\/strong><br \/>\n2 Ivana Bed\u011brkov\u00e1<br \/>\n32 Lenka Kobyl\u00e1kov\u00e1<br \/>\n66 Nina Beznoskov\u00e1<br \/>\n21 Pavla Urb\u00e1nkov\u00e1<br \/>\n35 Petra Ber\u00e1nkov\u00e1<br \/>\n55 Barbora \u0160eb\u00edkov\u00e1<br \/>\n5 Marie Pellarov\u00e1<br \/>\n6 Dominika Mokro\u0161ov\u00e1<br \/>\n1 Lucie Heranov\u00e1<br \/>\n18 Lisa Rausch<br \/>\n9 Margie Carter<\/p>\n<p><strong>22.7.2016 Zimn\u00ed stadion Hasa<br \/>\nHC Esa x RC Roudnice nad Labem 8:0 (5:0,3:0)<\/strong><br \/>\n1.polovina<br \/>\ng\u00f3ly: Dominique Rodrigue, Nina Geg\u00e1\u0148ov\u00e1, Jan Mali\u010d, Nina Geg\u00e1\u0148ov\u00e1, Jan Mali\u010d<br \/>\nst\u0159ely: 13:8<br \/>\n2.polovina<br \/>\ng\u00f3ly: Dominique Rodrigue, Nina Geg\u00e1\u0148ov\u00e1, Tereza Bobkov\u00e1<br \/>\nvylou\u010den\u00ed: Lisa Rausch &#8211; 2min, podra\u017een\u00ed<br \/>\nst\u0159ely: 14:7<\/p>\n<p>brank\u00e1\u0159ky:<br \/>\nH\u016flkov\u00e1 &#8211; 40min, 15 z\u00e1krok\u016f, 0 g\u00f3l\u016f<br \/>\nBed\u011brkov\u00e1 &#8211; 40min, 19 z\u00e1krok\u016f, 8 g\u00f3l\u016f<\/p>\n<p><strong>23.7.2016 Ice arena Let\u0148any<br \/>\nRC Roudnice nad Labem x HC Esa 5:2 (1:0,3:2,1:0)<\/strong><br \/>\n1.t\u0159etina<br \/>\ng\u00f3ly: Dominique Rodrigue<br \/>\nst\u0159ely: 3:8<br \/>\n2.t\u0159etina<br \/>\ng\u00f3ly: Esa &#8211; Tereza Bobkov\u00e1, Dita Svobodov\u00e1, Dita Svobodov\u00e1 (Bobkov\u00e1 Tereza) x Roudnice &#8211; Petra Ber\u00e1nkov\u00e1, Pavla Urb\u00e1nkov\u00e1<br \/>\nst\u0159ely: 7:6<br \/>\n3.t\u0159etina<br \/>\ng\u00f3ly: Dita Svobodov\u00e1 (Kubiskov\u00e1 Lenka)<br \/>\nst\u0159ely: 4:3<\/p>\n<p>brank\u00e1\u0159ky:<br \/>\nH\u016flkov\u00e1 &#8211; 45min, 15 z\u00e1krok\u016f, 2 g\u00f3ly<br \/>\nBed\u011brkov\u00e1 &#8211; 45min, 9 z\u00e1krok\u016f, 5 g\u00f3l\u016f<\/p>\n","protected":false},"excerpt":{"rendered":"<p>Mistr \u010cesk\u00e9 republiky v ringetu 2016 HC Esa Praha V\u00edcemistr \u010cesk\u00e9 republiky v ringetu 2016 RC Roudnice nad Labem nejlep\u0161\u00ed hr\u00e1\u010di: Dita Svobodov\u00e1 (Esa), Petra Ber\u00e1nkov\u00e1 (Roudnice) neju\u017eite\u010dn\u011bj\u0161\u00ed hr\u00e1\u010d Mistrovstv\u00ed \u010cesk\u00e9 republiky: Veronika H\u016flkov\u00e1 (Esa) HC Esa 23 Veronika H\u016flkov\u00e1 19 Dita Svobodov\u00e1 29 Kate\u0159ina Svobodov\u00e1 58 Lenka Kubiskov\u00e1 44 Tereza Bobkov\u00e1 13 Anna Pokorn\u00e1 &hellip; <a href=\"http:\/\/www.ringet.cz\/?page_id=800\" class=\"more-link\">Pokra\u010dov\u00e1n\u00ed textu <span class=\"screen-reader-text\">V\u00fdsledky<\/span> <span class=\"meta-nav\">&rarr;<\/span><\/a><\/p>\n","protected":false},"author":1,"featured_media":0,"parent":769,"menu_order":0,"comment_status":"closed","ping_status":"closed","template":"","meta":{"footnotes":""},"class_list":["post-800","page","type-page","status-publish","hentry"],"_links":{"self":[{"href":"http:\/\/www.ringet.cz\/index.php?rest_route=\/wp\/v2\/pages\/800","targetHints":{"allow":["GET"]}}],"collection":[{"href":"http:\/\/www.ringet.cz\/index.php?rest_route=\/wp\/v2\/pages"}],"about":[{"href":"http:\/\/www.ringet.cz\/index.php?rest_route=\/wp\/v2\/types\/page"}],"author":[{"embeddable":true,"href":"http:\/\/www.ringet.cz\/index.php?rest_route=\/wp\/v2\/users\/1"}],"replies":[{"embeddable":true,"href":"http:\/\/www.ringet.cz\/index.php?rest_route=%2Fwp%2Fv2%2Fcomments&post=800"}],"version-history":[{"count":1,"href":"http:\/\/www.ringet.cz\/index.php?rest_route=\/wp\/v2\/pages\/800\/revisions"}],"predecessor-version":[{"id":801,"href":"http:\/\/www.ringet.cz\/index.php?rest_route=\/wp\/v2\/pages\/800\/revisions\/801"}],"up":[{"embeddable":true,"href":"http:\/\/www.ringet.cz\/index.php?rest_route=\/wp\/v2\/pages\/769"}],"wp:attachment":[{"href":"http:\/\/www.ringet.cz\/index.php?rest_route=%2Fwp%2Fv2%2Fmedia&parent=800"}],"curies":[{"name":"wp","href":"https:\/\/api.w.org\/{rel}","templated":true}]}}