{"id":10,"date":"2016-01-24T16:03:14","date_gmt":"2016-01-24T16:03:14","guid":{"rendered":"http:\/\/test.ringet.cz\/domains\/test.ringet.cz\/?page_id=10"},"modified":"2016-01-30T17:54:38","modified_gmt":"2016-01-30T17:54:38","slug":"pravidla-ringetu","status":"publish","type":"page","link":"https:\/\/www.ringet.cz\/?page_id=10","title":{"rendered":"Pravidla ringetu"},"content":{"rendered":"<p style=\"text-align: left;\"><span style=\"color: #000000; font-size: small;\">Ringetov\u00e9 h\u0159i\u0161t\u011b odpov\u00edd\u00e1 rozm\u011br\u016fm klasick\u00e9 ledov\u00e9 plochy pro ledn\u00ed hokej. Ale na rozd\u00edl od hokeje, chyb\u00ed st\u0159edov\u00e1 (p\u016fl\u00edc\u00ed) \u010d\u00e1ra. Kruhy pro voln\u00e9 rozehr\u00e1n\u00ed maj\u00ed vyzna\u010den\u00e9 jejich pr\u016fm\u011bry a m\u00edsta pro postaven\u00ed hr\u00e1\u010d\u016f. \u010c\u00e1ry voln\u00e9 hry vymezuj\u00ed v\u00a0koncov\u00fdch t\u0159etin\u00e1ch zak\u00e1zan\u00e9 p\u00e1smo. V n\u011bm se mohou v dan\u00e9m okam\u017eiku pohybovat pouze t\u0159i hr\u00e1\u010di z ka\u017ed\u00e9ho dru\u017estva. Naopak v\u00a0prostoru mezi voln\u00fdmi \u010darami (ve zv\u011bt\u0161en\u00e9m st\u0159edov\u00e9m p\u00e1smu), mohou b\u00fdt v\u0161ichni hr\u00e1\u010di. Brankovi\u0161t\u011b jsou p\u016flkruhov\u00e1, s brankami stejn\u00fdch rozm\u011br\u016f jako v ledn\u00edm hokeji.<\/span><\/p>\n<p><a href=\"http:\/\/test.ringet.cz\/domains\/test.ringet.cz\/wp-content\/uploads\/2016\/01\/ring.jpg\"><img loading=\"lazy\" decoding=\"async\" class=\" wp-image-11 size-medium aligncenter\" src=\"http:\/\/test.ringet.cz\/domains\/test.ringet.cz\/wp-content\/uploads\/2016\/01\/ring-300x168.jpg\" alt=\"ring\" width=\"300\" height=\"168\" srcset=\"http:\/\/ringet.cz\/domains\/ringet.cz\/wp-content\/uploads\/2016\/01\/ring-300x168.jpg 300w, http:\/\/ringet.cz\/domains\/ringet.cz\/wp-content\/uploads\/2016\/01\/ring.jpg 666w\" sizes=\"auto, (max-width: 300px) 100vw, 300px\" \/><\/a><\/p>\n<p align=\"center\"><span style=\"color: #000000; font-size: small;\"><strong>Dru\u017estva, hr\u00e1\u010di a jejich v\u00fdstroj<\/strong><\/span><\/p>\n<p><span style=\"color: #000000; font-size: small;\">Hraje se dut\u00fdm gumov\u00fdm krou\u017ekem (ringem). Vnit\u0159n\u00ed rozm\u011br ringu mus\u00ed b\u00fdt mezi 10,7 \u2013 11,3cm, vn\u011bj\u0161\u00ed rozm\u011br 16,3 \u2013 16,8cm a tlou\u0161\u0165ka 2,5 \u2013 2,9cm. Proto\u017ee ring se kontroluje l\u00e9pe ne\u017e puk, je hra rychlej\u0161\u00ed a techni\u010dt\u011bj\u0161\u00ed ne\u017e ledn\u00ed hokej, nav\u00edc nehroz\u00ed takov\u00e9 nebezpe\u010d\u00ed \u00farazu.<\/span><\/p>\n<p><span style=\"color: #000000; font-size: small;\">Dru\u017estvo m\u016f\u017ee m\u00edt maxim\u00e1ln\u011b 20 hr\u00e1\u010d\u016f, minim\u00e1ln\u011b 7.<\/span><\/p>\n<figure id=\"attachment_76\" aria-describedby=\"caption-attachment-76\" style=\"width: 800px\" class=\"wp-caption alignnone\"><a href=\"http:\/\/test.ringet.cz\/domains\/test.ringet.cz\/wp-content\/uploads\/2016\/01\/equipment1.jpg\"><img loading=\"lazy\" decoding=\"async\" class=\"size-full wp-image-76\" src=\"http:\/\/test.ringet.cz\/domains\/test.ringet.cz\/wp-content\/uploads\/2016\/01\/equipment1.jpg\" alt=\"Hr\u00e1\u010dsk\u00e1 ringetov\u00e1 v\u00fdstroj: 1. Helma 2. Ringetov\u00e1 m\u0159\u00ed\u017eka (m\u016f\u017ee b\u00fdt i hokejov\u00e1) 3. Chr\u00e1ni\u010de lokt\u016f 4. Hokejov\u00e9 brusle 5. P\u0159evle\u010dn\u00e9 kalhoty 6. Rukavice 7. Vnit\u0159n\u00ed kalhoty (girdle) 8. Chr\u00e1ni\u010de kolen 9. Chr\u00e1ni\u010d krku 10. Vesta (povinn\u00e9 pro hr\u00e1\u010de do 15ti let) 11. Ringetov\u00e1 h\u016fl\" width=\"800\" height=\"544\" srcset=\"http:\/\/ringet.cz\/domains\/ringet.cz\/wp-content\/uploads\/2016\/01\/equipment1.jpg 800w, http:\/\/ringet.cz\/domains\/ringet.cz\/wp-content\/uploads\/2016\/01\/equipment1-300x204.jpg 300w\" sizes=\"auto, (max-width: 800px) 100vw, 800px\" \/><\/a><figcaption id=\"caption-attachment-76\" class=\"wp-caption-text\">Hr\u00e1\u010dsk\u00e1 ringetov\u00e1 v\u00fdstroj: 1. Helma 2. Ringetov\u00e1 m\u0159\u00ed\u017eka (m\u016f\u017ee b\u00fdt i hokejov\u00e1) 3. Chr\u00e1ni\u010de lokt\u016f 4. Hokejov\u00e9 brusle 5. P\u0159evle\u010dn\u00e9 kalhoty 6. Rukavice 7. Vnit\u0159n\u00ed kalhoty (girdle) 8. Chr\u00e1ni\u010de kolen 9. Chr\u00e1ni\u010d krku 10. Vesta (povinn\u00e9 pro hr\u00e1\u010de do 15ti let) 11. Ringetov\u00e1 h\u016fl<\/figcaption><\/figure>\n<figure id=\"attachment_78\" aria-describedby=\"caption-attachment-78\" style=\"width: 352px\" class=\"wp-caption aligncenter\"><a href=\"http:\/\/test.ringet.cz\/domains\/test.ringet.cz\/wp-content\/uploads\/2016\/01\/AttackGoalies.jpg\"><img loading=\"lazy\" decoding=\"async\" class=\"size-full wp-image-78\" src=\"http:\/\/test.ringet.cz\/domains\/test.ringet.cz\/wp-content\/uploads\/2016\/01\/AttackGoalies.jpg\" alt=\"Brank\u00e1\u0159sk\u00e1 v\u00fdstroj je shodn\u00e1 s hokejovou. M\u00edsto klasick\u00e9 lapa\u010dky lze pou\u017e\u00edt speci\u00e1ln\u00ed ringetovou brank\u00e1\u0159skou rukavici nebo dv\u011b vyr\u00e1\u017ee\u010dky.\" width=\"352\" height=\"460\" srcset=\"http:\/\/ringet.cz\/domains\/ringet.cz\/wp-content\/uploads\/2016\/01\/AttackGoalies.jpg 352w, http:\/\/ringet.cz\/domains\/ringet.cz\/wp-content\/uploads\/2016\/01\/AttackGoalies-230x300.jpg 230w\" sizes=\"auto, (max-width: 352px) 100vw, 352px\" \/><\/a><figcaption id=\"caption-attachment-78\" class=\"wp-caption-text\">Brank\u00e1\u0159sk\u00e1 v\u00fdstroj je shodn\u00e1 s hokejovou. M\u00edsto klasick\u00e9 lapa\u010dky lze pou\u017e\u00edt speci\u00e1ln\u00ed ringetovou brank\u00e1\u0159skou rukavici nebo dv\u011b vyr\u00e1\u017ee\u010dky.<\/figcaption><\/figure>\n<p>&nbsp;<\/p>\n<p align=\"center\"><span style=\"color: #000000; font-size: small;\"><strong>Pravidla hry<\/strong><\/span><\/p>\n<p><span style=\"color: #000000; font-size: small;\">P\u0159i h\u0159e m\u016f\u017ee m\u00edt ka\u017ed\u00e9 dru\u017estvo na led\u011b nejv\u00fd\u0161e \u0161est hr\u00e1\u010d\u016f, p\u011bt v\u00a0poli a brank\u00e1\u0159em. Dru\u017estvo m\u016f\u017ee odvolat brank\u00e1\u0159e a nahradit ho hr\u00e1\u010dem v poli. V p\u0159\u00edpad\u011b, \u017ee toto dru\u017estvo se br\u00e1n\u00ed ve vlastn\u00ed t\u0159etin\u011b, m\u016f\u017ee n\u011bkter\u00fd hr\u00e1\u010d brank\u00e1\u0159e nahradit a vztahuj\u00ed se na n\u011bj stejn\u00e1 pravidla, jako plat\u00ed pro brank\u00e1\u0159e.<\/span><\/p>\n<p><span style=\"color: #000000; font-size: small;\">Hrac\u00ed doba je 4 x 15 minut \u010dist\u00e9ho \u010dasu. V\u00edt\u011bz\u00ed dru\u017estvo, kter\u00e9 dos\u00e1hne v\u011bt\u0161\u00edho po\u010dtu g\u00f3l\u016f. P\u0159i nerozhodn\u00e9m v\u00fdsledku n\u00e1sleduje prodlou\u017een\u00ed o 15 minut, kter\u00e9 kon\u010d\u00ed po dosa\u017een\u00ed prvn\u00edho g\u00f3lu. B\u011bhem \u0159\u00e1dn\u00e9 hrac\u00ed doby m\u00e1 ka\u017ed\u00e9 dru\u017estvo n\u00e1rok na dva oddechov\u00e9 \u010dasy v\u00a0d\u00e9lce 30 sekund. O jeden oddechov\u00fd \u010das je mo\u017en\u00e9 po\u017e\u00e1dat je\u0161t\u011b p\u0159i prodlou\u017een\u00ed.<\/span><\/p>\n<p><span style=\"color: #000000; font-size: small;\">V ringetu je omezena d\u00e9lka \u00fatoku na 30 vte\u0159in. \u010cas \u00fatoku se za\u010d\u00edn\u00e1 m\u011b\u0159it v okam\u017eiku, kdy dru\u017estvo z\u00edsk\u00e1 ring. P\u0159i ka\u017ed\u00e9m p\u0159eru\u0161en\u00ed hry se \u010das \u00fatoku zastav\u00ed. \u010cas na \u00fatok se znovu nastav\u00ed na 30 vte\u0159in, kdy\u017e t\u00fdm, kter\u00fd m\u00e1 ring vst\u0159elil g\u00f3l, nebo pokud se ringu dotkne soupe\u0159\u016fv brank\u00e1\u0159 a vyraz\u00ed ho mimo brankovi\u0161t\u011b, nebo kdy\u017e ring z\u00edsk\u00e1 druh\u00e9 dru\u017estvo, anebo v p\u0159\u00edpad\u011b, kdy je av\u00edzovan\u00fd trest pro t\u00fdm, kter\u00fd nem\u00e1 ring.<\/span><\/p>\n<p><span style=\"color: #000000; font-size: small;\">Ring je veden, p\u0159ihr\u00e1v\u00e1n i st\u0159\u00edlen hol\u00ed zasunutou do jeho vnit\u0159n\u00edho prostoru. Postaven\u00ed mimo hru v ringetu neplat\u00ed, ale pokud m\u00e1 hr\u00e1\u010d ring na sv\u00e9 holi, nesm\u00ed ho s\u00e1m zav\u00e9st vp\u0159ed p\u0159es modrou \u010d\u00e1ru t\u0159etiny. M\u016f\u017ee ho pouze nahr\u00e1t nebo vyhodit. Hr\u00e1\u010d, kter\u00fd ring p\u0159es modrou \u010d\u00e1ru nahr\u00e1l nebo vyhodil, se nesm\u00ed ringu dotknout d\u0159\u00edve, ne\u017e se ho dotkne jin\u00fd hr\u00e1\u010d. Nelze tak\u00e9 p\u0159ihr\u00e1vat p\u0159es dv\u011b modr\u00e9 \u010d\u00e1ry, p\u00edsk\u00e1 se zak\u00e1zan\u00e9 uvoln\u011bn\u00ed. V brankovi\u0161ti se m\u016f\u017ee pohybovat pouze brank\u00e1\u0159, kter\u00e1 ring chyt\u00e1 nebo vyr\u00e1\u017e\u00ed kteroukoliv \u010d\u00e1st\u00ed sv\u00e9ho t\u011bla. Pokud brank\u00e1\u0159 ring chyt\u00ed, mus\u00ed jej do 5 vte\u0159in rozehr\u00e1t mimo brankovi\u0161t\u011b a nesm\u00ed se ho znovu dotknout, dokud se ringu nedotkne jin\u00fd hr\u00e1\u010d.<\/span><\/p>\n<p><span style=\"color: #000000; font-size: small;\">Voln\u00e9 rozehran\u00ed je na za\u010d\u00e1tku ka\u017ed\u00e9 \u010dtvrtiny (i prodlou\u017een\u00ed) a po g\u00f3lech ze st\u0159edov\u00e9ho bodu. Ve v\u0161ech ostatn\u00edch p\u0159\u00edpadech p\u0159eru\u0161en\u00ed hry ho rozehr\u00e1v\u00e1 neproviniv\u0161\u00ed se dru\u017estvo ze st\u0159edu nejbli\u017e\u0161\u00edho kruhu nebo brank\u00e1\u0159 ze sv\u00e9ho brankovi\u0161t\u011b. Ring mus\u00ed b\u00fdt rozehr\u00e1n ven z\u00a0kruhu \u010di brankovi\u0161t\u011b a rozehr\u00e1vaj\u00edc\u00ed hr\u00e1\u010d se ho nesm\u00ed znovu dotknout, dokud s n\u00edm nehr\u00e1l jin\u00fd hr\u00e1\u010d. Ostatn\u00ed hr\u00e1\u010di se p\u0159i rozehr\u00e1n\u00ed mus\u00ed zdr\u017eovat mimo kruh pro volnou rozehr\u00e1vku \u010di brankovi\u0161t\u011b.<\/span><\/p>\n<p align=\"center\"><span style=\"color: #000000; font-size: small;\">\u00a0<strong>Tresty<\/strong><\/span><\/p>\n<p><span style=\"color: #000000; font-size: small;\">Tresty jsou obdobn\u00e9 jako v ledn\u00edm hokeji. V\u00fdjimkou je hra t\u011blem, kter\u00e1 nen\u00ed v ringetu povolena.<\/span><\/p>\n<p><span style=\"color: #000000; font-size: small;\">P\u0159i men\u0161\u00edm trestu je hr\u00e1\u010d vylou\u010den na 2-4 minuty podle z\u00e1va\u017enosti proh\u0159e\u0161ku a trest si odpyk\u00e1 na trestn\u00e9 lavici. Jeho dru\u017estvo po tuto dobu hraje v oslaben\u00ed. T\u00fdm m\u016f\u017ee odpyk\u00e1vat pouze dva tresty najednou. V p\u0159\u00edpad\u011b dal\u0161\u00edho trestu, se tento trest odlo\u017e\u00ed a\u017e do ukon\u010den\u00ed p\u0159edchoz\u00edho trestu. Pokud je t\u00fdm oslaben o dva hr\u00e1\u010de, mohou se v obran\u00e9m p\u00e1smu tohoto dru\u017estva pohybovat pouze dva br\u00e1n\u00edc\u00ed hr\u00e1\u010di (m\u00edsto obvykl\u00fdch t\u0159\u00ed). Trest kon\u010d\u00ed jeho vypr\u0161en\u00edm, nebo pokud potrestan\u00fd t\u00fdm obdr\u017e\u00ed g\u00f3l.<\/span><\/p>\n<p><span style=\"color: #000000; font-size: small;\">Vy\u0161\u0161\u00ed trest kon\u010d\u00ed pouze jeho vypr\u0161en\u00edm. Tzn., \u017ee nekon\u010d\u00ed ani v p\u0159\u00edpad\u011b, kdy proviniv\u0161\u00ed se dru\u017estvo obdr\u017e\u00ed g\u00f3l.<\/span><\/p>\n<p>Kompletn\u00ed pravidla v anglick\u00e9m jazyce naleznete <a title=\"ringet rules\" href=\"http:\/\/ringette.czechian.net\/dokumenty\/rules.pdf\">zde <\/a><\/p>\n<p align=\"center\"><span style=\"color: #000000; font-size: small;\">\u00a0<strong>Pravidla miniringetu<br \/>\n<\/strong><\/span><\/p>\n<p><span style=\"color: #000000; font-size: small;\">Miniringet se hraje na \u0161\u00ed\u0159ku h\u0159i\u0161t\u011b v p\u00e1smu od bo\u010dn\u00edho hrazen\u00ed k prvn\u00ed modr\u00e9 \u010d\u00e1\u0159e. Brankovi\u0161t\u011b jsou p\u016flkruhov\u00e1, s brankami stejn\u00fdch rozm\u011br\u016f jako v ledn\u00edm hokeji. H\u0159i\u0161t\u011b je rozd\u011bleno p\u016fl\u00edc\u00ed \u010dervenou \u010darou.<br \/>\n<\/span><\/p>\n<p><a href=\"http:\/\/test.ringet.cz\/domains\/test.ringet.cz\/wp-content\/uploads\/2016\/01\/Ringette_rink2.png\"><img loading=\"lazy\" decoding=\"async\" class=\" size-large wp-image-81 aligncenter\" src=\"http:\/\/test.ringet.cz\/domains\/test.ringet.cz\/wp-content\/uploads\/2016\/01\/Ringette_rink2-1024x521.png\" alt=\"Ringette_rink2\" width=\"474\" height=\"241\" srcset=\"http:\/\/ringet.cz\/domains\/ringet.cz\/wp-content\/uploads\/2016\/01\/Ringette_rink2-1024x521.png 1024w, http:\/\/ringet.cz\/domains\/ringet.cz\/wp-content\/uploads\/2016\/01\/Ringette_rink2-300x153.png 300w, http:\/\/ringet.cz\/domains\/ringet.cz\/wp-content\/uploads\/2016\/01\/Ringette_rink2.png 1062w\" sizes=\"auto, (max-width: 474px) 100vw, 474px\" \/><\/a><span style=\"color: #000000; font-size: small;\">P\u0159i h\u0159e m\u016f\u017ee m\u00edt ka\u017ed\u00e9 dru\u017estvo na led\u011b nejv\u00fd\u0161e \u010dty\u0159i hr\u00e1\u010d\u016f, t\u0159i v\u00a0poli a brank\u00e1\u0159e. Dru\u017estvo m\u016f\u017ee odvolat brank\u00e1\u0159e a nahradit ho hr\u00e1\u010dem v poli.<br \/>\n<\/span><\/p>\n<p><span style=\"color: #000000; font-size: small;\">Hrac\u00ed doba je voliteln\u00e1. V\u00edt\u011bz\u00ed dru\u017estvo, kter\u00e9 dos\u00e1hne v\u011bt\u0161\u00edho po\u010dtu g\u00f3l\u016f. P\u0159i nerozhodn\u00e9m v\u00fdsledku m\u016f\u017ee n\u00e1sledovat prodlou\u017een\u00ed, kter\u00e9 kon\u010d\u00ed po dosa\u017een\u00ed prvn\u00edho g\u00f3lu.<br \/>\n<\/span><\/p>\n<p><span style=\"color: #000000; font-size: small;\">D\u00e9lka \u00fatoku je zkr\u00e1cena na 15 vte\u0159in (pro mlad\u0161\u00ed hr\u00e1\u010de nen\u00ed d\u00e9lka \u00fatoku omezena). \u010cas \u00fatoku se za\u010d\u00edn\u00e1 m\u011b\u0159it v okam\u017eiku, kdy dru\u017estvo z\u00edsk\u00e1 ring. P\u0159i ka\u017ed\u00e9m p\u0159eru\u0161en\u00ed hry se \u010das \u00fatoku zastav\u00ed. \u010cas na \u00fatok se znovu nastav\u00ed na 15 vte\u0159in, kdy\u017e t\u00fdm, kter\u00fd m\u00e1 ring vst\u0159elil g\u00f3l, nebo pokud se ringu dotkne soupe\u0159\u016fv brank\u00e1\u0159 a vyraz\u00ed ho mimo brankovi\u0161t\u011b, nebo kdy\u017e ring z\u00edsk\u00e1 druh\u00e9 dru\u017estvo, anebo v p\u0159\u00edpad\u011b, kdy je av\u00edzovan\u00fd trest pro t\u00fdm, kter\u00fd nem\u00e1 ring.<\/span><\/p>\n<p><span style=\"color: #000000; font-size: small;\">Ring je veden, p\u0159ihr\u00e1v\u00e1n i st\u0159\u00edlen hol\u00ed zasunutou do jeho vnit\u0159n\u00edho prostoru. Postaven\u00ed mimo hru v ringetu neplat\u00ed, ale pokud m\u00e1 hr\u00e1\u010d ring na sv\u00e9 holi, nesm\u00ed ho s\u00e1m zav\u00e9st vp\u0159ed p\u0159es p\u016fl\u00edc\u00ed \u010dervenou \u010d\u00e1ru. M\u016f\u017ee ho pouze nahr\u00e1t nebo vyhodit. Hr\u00e1\u010d, kter\u00fd ring p\u0159es \u010dervenou \u010d\u00e1ru nahr\u00e1l nebo vyhodil, se nesm\u00ed ringu dotknout d\u0159\u00edve, ne\u017e se ho dotkne jin\u00fd hr\u00e1\u010d. V brankovi\u0161ti se m\u016f\u017ee pohybovat pouze brank\u00e1\u0159, kter\u00fd ring chyt\u00e1 nebo vyr\u00e1\u017e\u00ed kteroukoliv \u010d\u00e1st\u00ed sv\u00e9ho t\u011bla. Pokud brank\u00e1\u0159 ring chyt\u00ed, mus\u00ed jej do 5 vte\u0159in rozehr\u00e1t mimo brankovi\u0161t\u011b a nesm\u00ed se ho znovu dotknout, dokud se ringu nedotkne jin\u00fd hr\u00e1\u010d.<\/span><\/p>\n<p><span style=\"color: #000000; font-size: small;\">Voln\u00e9 rozehran\u00ed je na za\u010d\u00e1tku ka\u017ed\u00e9 hrac\u00ed \u010d\u00e1sti (i prodlou\u017een\u00ed) a po g\u00f3lech ze st\u0159edov\u00e9ho bodu. Ve v\u0161ech ostatn\u00edch p\u0159\u00edpadech p\u0159eru\u0161en\u00ed hry ho rozehr\u00e1v\u00e1 brank\u00e1\u0159 ze sv\u00e9ho brankovi\u0161t\u011b. Ring mus\u00ed b\u00fdt rozehr\u00e1n ze st\u0159edov\u00e9ho bodu nebo z brankovi\u0161t\u011b a rozehr\u00e1vaj\u00edc\u00ed hr\u00e1\u010d se ho nesm\u00ed znovu dotknout, dokud s n\u00edm nehr\u00e1l jin\u00fd hr\u00e1\u010d.<br \/>\n<\/span><\/p>\n<p><span style=\"color: #000000; font-size: small;\">P\u0159i men\u0161\u00edm trestu je hr\u00e1\u010d vylou\u010den na 1 nebo 4 minuty podle z\u00e1va\u017enosti. Jeho dru\u017estvo po tuto dobu hraje v oslaben\u00ed. T\u00fdm m\u016f\u017ee odpyk\u00e1vat pouze jeden trest najednou. V p\u0159\u00edpad\u011b dal\u0161\u00edho trestu, se tento trest odlo\u017e\u00ed a\u017e do ukon\u010den\u00ed p\u0159edchoz\u00edho trestu. Pokud je t\u00fdm oslaben o hr\u00e1\u010de, mohou se v obran\u00e9m p\u00e1smu tohoto dru\u017estva pohybovat pouze dva br\u00e1n\u00edc\u00ed hr\u00e1\u010di (m\u00edsto obvykl\u00fdch t\u0159\u00ed). Trest kon\u010d\u00ed jeho vypr\u0161en\u00edm, nebo pokud potrestan\u00fd t\u00fdm obdr\u017e\u00ed g\u00f3l.<\/span><\/p>\n<p><span style=\"color: #000000; font-size: small;\">Vy\u0161\u0161\u00ed trest kon\u010d\u00ed pouze jeho vypr\u0161en\u00edm. Tzn., \u017ee nekon\u010d\u00ed ani v p\u0159\u00edpad\u011b, kdy proviniv\u0161\u00ed se dru\u017estvo obdr\u017e\u00ed g\u00f3l.<\/span><\/p>\n","protected":false},"excerpt":{"rendered":"<p>Ringetov\u00e9 h\u0159i\u0161t\u011b odpov\u00edd\u00e1 rozm\u011br\u016fm klasick\u00e9 ledov\u00e9 plochy pro ledn\u00ed hokej. Ale na rozd\u00edl od hokeje, chyb\u00ed st\u0159edov\u00e1 (p\u016fl\u00edc\u00ed) \u010d\u00e1ra. Kruhy pro voln\u00e9 rozehr\u00e1n\u00ed maj\u00ed vyzna\u010den\u00e9 jejich pr\u016fm\u011bry a m\u00edsta pro postaven\u00ed hr\u00e1\u010d\u016f. \u010c\u00e1ry voln\u00e9 hry vymezuj\u00ed v\u00a0koncov\u00fdch t\u0159etin\u00e1ch zak\u00e1zan\u00e9 p\u00e1smo. V n\u011bm se mohou v dan\u00e9m okam\u017eiku pohybovat pouze t\u0159i hr\u00e1\u010di z ka\u017ed\u00e9ho dru\u017estva. Naopak &hellip; <a href=\"https:\/\/www.ringet.cz\/?page_id=10\" class=\"more-link\">Pokra\u010dov\u00e1n\u00ed textu <span class=\"screen-reader-text\">Pravidla ringetu<\/span> <span class=\"meta-nav\">&rarr;<\/span><\/a><\/p>\n","protected":false},"author":1,"featured_media":0,"parent":0,"menu_order":0,"comment_status":"open","ping_status":"open","template":"","meta":{"footnotes":""},"class_list":["post-10","page","type-page","status-publish","hentry"],"_links":{"self":[{"href":"https:\/\/www.ringet.cz\/index.php?rest_route=\/wp\/v2\/pages\/10","targetHints":{"allow":["GET"]}}],"collection":[{"href":"https:\/\/www.ringet.cz\/index.php?rest_route=\/wp\/v2\/pages"}],"about":[{"href":"https:\/\/www.ringet.cz\/index.php?rest_route=\/wp\/v2\/types\/page"}],"author":[{"embeddable":true,"href":"https:\/\/www.ringet.cz\/index.php?rest_route=\/wp\/v2\/users\/1"}],"replies":[{"embeddable":true,"href":"https:\/\/www.ringet.cz\/index.php?rest_route=%2Fwp%2Fv2%2Fcomments&post=10"}],"version-history":[{"count":7,"href":"https:\/\/www.ringet.cz\/index.php?rest_route=\/wp\/v2\/pages\/10\/revisions"}],"predecessor-version":[{"id":84,"href":"https:\/\/www.ringet.cz\/index.php?rest_route=\/wp\/v2\/pages\/10\/revisions\/84"}],"wp:attachment":[{"href":"https:\/\/www.ringet.cz\/index.php?rest_route=%2Fwp%2Fv2%2Fmedia&parent=10"}],"curies":[{"name":"wp","href":"https:\/\/api.w.org\/{rel}","templated":true}]}}