{"id":1012,"date":"2017-12-11T16:50:19","date_gmt":"2017-12-11T16:50:19","guid":{"rendered":"http:\/\/test.ringet.cz\/test.index.php\/?page_id=1012"},"modified":"2017-12-11T17:24:46","modified_gmt":"2017-12-11T17:24:46","slug":"mistrovstvi-cr-2017","status":"publish","type":"page","link":"https:\/\/www.ringet.cz\/?page_id=1012","title":{"rendered":"Mistrovstv\u00ed \u010cR 2017"},"content":{"rendered":"<p style=\"text-align: center;\"><strong><span style=\"color: #000080;\"><span style=\"font-family: inherit;\"><span style=\"font-size: medium;\"><b>Propozice Mistrovstv\u00ed \u010cesk\u00e9 republiky v ringetu 2017<\/b><\/span><\/span><\/span><\/strong><\/p>\n<p><a href=\"http:\/\/test.ringet.cz\/domains\/test.ringet.cz\/wp-content\/uploads\/2017\/12\/mcr1.jpg\"><img loading=\"lazy\" decoding=\"async\" class=\"aligncenter wp-image-1017 size-medium\" src=\"http:\/\/test.ringet.cz\/domains\/test.ringet.cz\/wp-content\/uploads\/2017\/12\/mcr1-296x300.jpg\" alt=\"mcr1\" width=\"296\" height=\"300\" srcset=\"http:\/\/ringet.cz\/domains\/ringet.cz\/wp-content\/uploads\/2017\/12\/mcr1-296x300.jpg 296w, http:\/\/ringet.cz\/domains\/ringet.cz\/wp-content\/uploads\/2017\/12\/mcr1.jpg 409w\" sizes=\"auto, (max-width: 296px) 100vw, 296px\" \/><\/a><\/p>\n<p><span style=\"color: #2b2b2b;\"><span style=\"font-family: Lato, sans-serif;\"><span style=\"font-size: medium;\">Po\u0159adatel: <\/span><\/span><\/span><strong><span style=\"color: #2b2b2b;\"><span style=\"font-family: inherit;\"><span style=\"font-size: medium;\"><b>\u010cesk\u00fd svaz ringetu<\/b><\/span><\/span><\/span><\/strong><span style=\"color: #2b2b2b;\"><span style=\"font-family: Lato, sans-serif;\"><span style=\"font-size: medium;\"><br \/>\nTerm\u00edn a m\u00edsto: <\/span><\/span><\/span><strong><span style=\"color: #2b2b2b;\"><span style=\"font-family: inherit;\"><span style=\"font-size: medium;\"><b>27.12. &#8211; 28.12.2017 (fin\u00e1le 6.-7.1.2018), Praha\u00a0<\/b><\/span><\/span><\/span><\/strong><\/p>\n<p><span style=\"color: #2b2b2b;\"><span style=\"font-family: Lato, sans-serif;\"><span style=\"font-size: medium;\">Startovn\u00e9:<\/span><\/span><\/span><strong><span style=\"color: #2b2b2b;\"><span style=\"font-family: inherit;\"><span style=\"font-size: medium;\"><b> 1.500,- K\u010d<\/b><\/span><\/span><\/span><\/strong><\/p>\n<p><strong><span style=\"color: #2b2b2b;\"><span style=\"font-family: inherit;\"><span style=\"font-size: medium;\">Kategorie: <\/span><\/span><\/span><\/strong><strong><span style=\"color: #2b2b2b;\"><span style=\"font-family: inherit;\"><span style=\"font-size: medium;\"><b>\u017deny, Open divize <\/b><\/span><\/span><\/span><\/strong><strong><span style=\"color: #2b2b2b;\"><span style=\"font-family: inherit;\"><span style=\"font-size: medium;\">(mu\u017ei, \u017eeny)<\/span><\/span><\/span><\/strong><\/p>\n<p><span style=\"color: #2b2b2b;\"><span style=\"font-family: Lato, sans-serif;\"><span style=\"font-size: medium;\">V\u011bkov\u00e9 omezen\u00ed <\/span><\/span><\/span><strong><span style=\"color: #2b2b2b;\"><span style=\"font-family: inherit;\"><span style=\"font-size: medium;\"><b>15+<\/b><\/span><\/span><\/span><\/strong><span style=\"color: #2b2b2b;\"><span style=\"font-family: Lato, sans-serif;\"><span style=\"font-size: medium;\">. Mlad\u0161\u00edm je umo\u017en\u011bn start pouze s p\u00edsemn\u00fdm souhlasem rodi\u010d\u016f a s l\u00e9ka\u0159sk\u00fdm potvrzen\u00edm o zdravotn\u00ed zp\u016fsobilosti ke startu na M\u010cR.<\/span><\/span><\/span><\/p>\n<p><strong><span style=\"color: #2b2b2b;\"><span style=\"font-family: inherit;\"><span style=\"font-size: medium;\"><b>P\u0159ihl\u00e1\u0161ky t\u00fdm\u016f <\/b><\/span><\/span><\/span><\/strong><span style=\"color: #2b2b2b;\"><span style=\"font-family: Lato, sans-serif;\"><span style=\"font-size: medium;\">na M\u010cR (<\/span><\/span><\/span><strong><a href=\"http:\/\/test.ringet.cz\/domains\/test.ringet.cz\/wp-content\/uploads\/2017\/12\/p\u0159ihl\u00e1ska-mcr-2017.pdf\"><span style=\"color: #0c689e;\"><span style=\"font-family: inherit;\"><span style=\"font-size: medium;\"><u><b>zde ke sta\u017een\u00ed<\/b><\/u><\/span><\/span><\/span><\/a><\/strong><span style=\"color: #2b2b2b;\"><span style=\"font-family: Lato, sans-serif;\"><span style=\"font-size: medium;\">) je nutn\u00e9 odeslat do <\/span><\/span><\/span><strong><span style=\"color: #2b2b2b;\"><span style=\"font-family: inherit;\"><span style=\"font-size: medium;\"><b>17.12.2017<\/b><\/span><\/span><\/span><\/strong><b> <\/b><span style=\"color: #2b2b2b;\"><span style=\"font-family: Lato, sans-serif;\"><span style=\"font-size: medium;\">na e-mail: sekretariat@ringet.cz. T\u00fdmy doposud neregistrovan\u00e9 v \u010cSRI mus\u00ed nav\u00edc vyplnit registra\u010dn\u00ed formul\u00e1\u0159 pro kluby (<\/span><\/span><\/span><a href=\"http:\/\/test.ringet.cz\/domains\/test.ringet.cz\/wp-content\/uploads\/2016\/06\/P\u0159ihl\u00e1\u0161ka-klubu-do-\u010cesk\u00e9ho-svazu-ringetu.pdf\"><span style=\"color: #0c689e;\"><span style=\"font-family: inherit;\"><span style=\"font-size: medium;\"><u>zde ke sta\u017een\u00ed<\/u><\/span><\/span><\/span><\/a><span style=\"color: #2b2b2b;\"><span style=\"font-family: Lato, sans-serif;\"><span style=\"font-size: medium;\">) a uhradit registra\u010dn\u00ed poplatek v \u010d\u00e1stce 2.500,- K\u010d na \u00fa\u010det \u010cSRI \u010d\u00edslo: <\/span><\/span><\/span><strong><span style=\"color: #2b2b2b;\"><span style=\"font-family: inherit;\"><span style=\"font-size: medium;\"><b>270352110\/0300, VS: 4001, <\/b><\/span><\/span><\/span><\/strong><span style=\"color: #2b2b2b;\"><span style=\"font-family: Lato, sans-serif;\"><span style=\"font-size: medium;\">do pozn\u00e1mky uve\u010fte n\u00e1zev klubu<\/span><\/span><\/span><strong><span style=\"color: #2b2b2b;\"><span style=\"font-family: inherit;\"><span style=\"font-size: medium;\">. V<\/span><\/span><\/span><\/strong><span style=\"color: #2b2b2b;\"><span style=\"font-family: Lato, sans-serif;\"><span style=\"font-size: medium;\">\u00edce informac\u00ed pro nov\u00e9 kluby naleznete <\/span><\/span><\/span><a href=\"http:\/\/test.ringet.cz\/test.index.php\/pro-kluby\/\"><span style=\"color: #0c689e;\"><span style=\"font-family: inherit;\"><span style=\"font-size: medium;\"><u>zde<\/u><\/span><\/span><\/span><\/a><span style=\"color: #2b2b2b;\"><span style=\"font-family: Lato, sans-serif;\"><span style=\"font-size: medium;\">.<\/span><\/span><\/span><\/p>\n<p><span style=\"color: #2b2b2b;\"><span style=\"font-family: Lato, sans-serif;\"><span style=\"font-size: medium;\">P\u0159ihl\u00e1sit se mohou i <\/span><\/span><\/span><strong><span style=\"color: #2b2b2b;\"><span style=\"font-family: inherit;\"><span style=\"font-size: medium;\"><b>jednotliv\u00e9 hr\u00e1\u010dky <\/b><\/span><\/span><\/span><\/strong><span style=\"color: #2b2b2b;\"><span style=\"font-family: Lato, sans-serif;\"><span style=\"font-size: medium;\">bez klubov\u00e9 p\u0159\u00edslu\u0161nosti a to do <\/span><\/span><\/span><strong><span style=\"color: #2b2b2b;\"><span style=\"font-family: inherit;\"><span style=\"font-size: medium;\"><b>17.12.2017<\/b><\/span><\/span><\/span><\/strong><span style=\"color: #2b2b2b;\"><span style=\"font-family: Lato, sans-serif;\"><span style=\"font-size: medium;\"><b>. <\/b><\/span><\/span><\/span><span style=\"color: #2b2b2b;\"><span style=\"font-family: Lato, sans-serif;\"><span style=\"font-size: medium;\">Registrace neregistrovan\u00fdch hr\u00e1\u010d\u016f bude prob\u00edhat 27.12.2017 p\u0159ed prvn\u00edm utk\u00e1n\u00edm. Hr\u00e1\u010d vypln\u00ed registra\u010dn\u00ed l\u00edstek, p\u0159id\u00e1 pasovou fotografii a uhrad\u00ed registra\u010dn\u00ed poplatek 50,- K\u010d. <\/span><\/span><\/span><strong><span style=\"color: #2b2b2b;\"><span style=\"font-family: inherit;\"><span style=\"font-size: medium;\"><b>Bez platn\u00e9 registrace nen\u00ed mo\u017en\u00e1 \u00fa\u010dast na mistrovstv\u00ed \u010cR.<\/b><\/span><\/span><\/span><\/strong><\/p>\n<p><span style=\"color: #2b2b2b;\"><span style=\"font-family: Lato, sans-serif;\"><span style=\"font-size: medium;\"><br \/>\nVoln\u00ed hr\u00e1\u010di budou rozd\u011bleny mezi t\u00fdmy podle p\u0159edem stanoven\u00e9ho kl\u00ed\u010de, a to postupn\u00fdm v\u00fdb\u011brem 26.12.2017. T\u00fdmy vol\u00ed v po\u0159ad\u00ed, ve kter\u00e9m byly p\u0159ihl\u00e1\u0161eny na M\u010cR.<\/span><\/span><\/span><\/p>\n<p><strong><span style=\"color: #2b2b2b;\"><span style=\"font-family: inherit;\"><span style=\"font-size: medium;\"><b>Soupiska: <\/b><\/span><\/span><\/span><\/strong><span style=\"color: #2b2b2b;\"><span style=\"font-family: Lato, sans-serif;\"><span style=\"font-size: medium;\">minim\u00e1ln\u00ed po\u010det <\/span><\/span><\/span><strong><span style=\"color: #2b2b2b;\"><span style=\"font-family: inherit;\"><span style=\"font-size: medium;\"><b>7 + 1 <\/b><\/span><\/span><\/span><\/strong><span style=\"color: #2b2b2b;\"><span style=\"font-family: Lato, sans-serif;\"><span style=\"font-size: medium;\">brank\u00e1\u0159ka. Vedouc\u00ed t\u00fdm\u016f jsou povinni zapsat soupisku do z\u00e1pisu k utk\u00e1n\u00edm p\u0159ed prvn\u00ed z\u00e1pasem.<\/span><\/span><\/span><\/p>\n<p><span style=\"color: #2b2b2b;\"><span style=\"font-family: Lato, sans-serif;\"><span style=\"font-size: medium;\">Zdravotn\u00ed dozor bude zaji\u0161t\u011bn po\u0159adatelem. (\u00fa\u010dastn\u00edci startuj\u00ed na vlastn\u00ed riziko)<\/span><\/span><\/span><\/p>\n<p><strong><span style=\"color: #2b2b2b;\"><span style=\"font-family: inherit;\"><span style=\"font-size: medium;\"><b>Hrac\u00ed syst\u00e9m: <\/b><\/span><\/span><\/span><\/strong><span style=\"color: #2b2b2b;\"><span style=\"font-family: Lato, sans-serif;\"><span style=\"font-size: medium;\">bude up\u0159esn\u011bn podle po\u010dtu p\u0159ihl\u00e1\u0161en\u00fdch t\u00fdm\u016f a to do 20.12.2017.<\/span><\/span><\/span><\/p>\n<p><span style=\"color: #2b2b2b;\"><span style=\"font-family: Lato, sans-serif;\"><span style=\"font-size: medium;\">Hraje se podle ofici\u00e1ln\u00edch pravidel IRF.<\/span><\/span><\/span><\/p>\n<p><strong><span style=\"color: #2b2b2b;\"><span style=\"font-family: inherit;\"><span style=\"font-size: medium;\"><b>Ceny: <\/b><\/span><\/span><\/span><\/strong><span style=\"color: #2b2b2b;\"><span style=\"font-family: Lato, sans-serif;\"><span style=\"font-size: medium;\">V\u00edt\u011bz \u2013 Mistr \u010cesk\u00e9 republiky v ringetu \u2013 z\u00edsk\u00e1 putovn\u00ed poh\u00e1r, kter\u00fd je povinen v ur\u010den\u00e9m term\u00ednu vr\u00e1tit zp\u011bt po\u0159adateli, stejn\u011b tak cenu pro neju\u017eite\u010dn\u011bj\u0161\u00edho hr\u00e1\u010de mistrovstv\u00ed \u010cR. Do trval\u00e9ho dr\u017een\u00ed pak z\u00edskaj\u00ed men\u0161\u00ed trofeje, stejn\u011b tak t\u00fdmy na 2. a 3. m\u00edst\u011b. Pro prvn\u00ed t\u0159i t\u00fdmy jsou p\u0159ipraveny medaile.<\/span><\/span><\/span><\/p>\n<p><strong><span style=\"color: #2b2b2b;\"><span style=\"font-family: inherit;\"><span style=\"font-size: medium;\"><b>Kontaktn\u00ed osoby:<\/b><\/span><\/span><\/span><\/strong><span style=\"color: #2b2b2b;\"><span style=\"font-family: Lato, sans-serif;\"><span style=\"font-size: medium;\"><br \/>\nVeronika H\u016flkov\u00e1 tel. 731 184 342<br \/>\nLenka Kobyl\u00e1kov\u00e1 tel. 603 450 663<\/span><\/span><\/span><\/p>\n<p><span style=\"color: #2b2b2b;\"><span style=\"font-family: Lato, sans-serif;\"><span style=\"font-size: medium;\">e-mail: sekretariat@ringet.cz<\/span><\/span><\/span><\/p>\n","protected":false},"excerpt":{"rendered":"<p>Propozice Mistrovstv\u00ed \u010cesk\u00e9 republiky v ringetu 2017 Po\u0159adatel: \u010cesk\u00fd svaz ringetu Term\u00edn a m\u00edsto: 27.12. &#8211; 28.12.2017 (fin\u00e1le 6.-7.1.2018), Praha\u00a0 Startovn\u00e9: 1.500,- K\u010d Kategorie: \u017deny, Open divize (mu\u017ei, \u017eeny) V\u011bkov\u00e9 omezen\u00ed 15+. Mlad\u0161\u00edm je umo\u017en\u011bn start pouze s p\u00edsemn\u00fdm souhlasem rodi\u010d\u016f a s l\u00e9ka\u0159sk\u00fdm potvrzen\u00edm o zdravotn\u00ed zp\u016fsobilosti ke startu na M\u010cR. P\u0159ihl\u00e1\u0161ky t\u00fdm\u016f na &hellip; <a href=\"https:\/\/www.ringet.cz\/?page_id=1012\" class=\"more-link\">Pokra\u010dov\u00e1n\u00ed textu <span class=\"screen-reader-text\">Mistrovstv\u00ed \u010cR 2017<\/span> <span class=\"meta-nav\">&rarr;<\/span><\/a><\/p>\n","protected":false},"author":1,"featured_media":0,"parent":0,"menu_order":0,"comment_status":"closed","ping_status":"closed","template":"","meta":{"footnotes":""},"class_list":["post-1012","page","type-page","status-publish","hentry"],"_links":{"self":[{"href":"https:\/\/www.ringet.cz\/index.php?rest_route=\/wp\/v2\/pages\/1012","targetHints":{"allow":["GET"]}}],"collection":[{"href":"https:\/\/www.ringet.cz\/index.php?rest_route=\/wp\/v2\/pages"}],"about":[{"href":"https:\/\/www.ringet.cz\/index.php?rest_route=\/wp\/v2\/types\/page"}],"author":[{"embeddable":true,"href":"https:\/\/www.ringet.cz\/index.php?rest_route=\/wp\/v2\/users\/1"}],"replies":[{"embeddable":true,"href":"https:\/\/www.ringet.cz\/index.php?rest_route=%2Fwp%2Fv2%2Fcomments&post=1012"}],"version-history":[{"count":4,"href":"https:\/\/www.ringet.cz\/index.php?rest_route=\/wp\/v2\/pages\/1012\/revisions"}],"predecessor-version":[{"id":1020,"href":"https:\/\/www.ringet.cz\/index.php?rest_route=\/wp\/v2\/pages\/1012\/revisions\/1020"}],"wp:attachment":[{"href":"https:\/\/www.ringet.cz\/index.php?rest_route=%2Fwp%2Fv2%2Fmedia&parent=1012"}],"curies":[{"name":"wp","href":"https:\/\/api.w.org\/{rel}","templated":true}]}}