{"id":1330,"date":"2023-07-14T18:40:30","date_gmt":"2023-07-14T18:40:30","guid":{"rendered":"http:\/\/www.ringet.cz\/?page_id=1330"},"modified":"2025-06-05T14:51:08","modified_gmt":"2025-06-05T14:51:08","slug":"index","status":"publish","type":"page","link":"https:\/\/www.ringet.cz\/","title":{"rendered":""},"content":{"rendered":"<p style=\"text-align: left;\"><b class=\"html-b xdj266r x11i5rnm xat24cr x1mh8g0r xexx8yu x4uap5 x18d9i69 xkhd6sd x1hl2dhg x16tdsg8 x1vvkbs\">P\u0159idejte se k podpo\u0159e vzestupu ringetu v \u010cesk\u00e9 republice!<\/b><\/p>\n<p style=\"text-align: left;\">\u00a0Ringet, dynamick\u00fd a vzru\u0161uj\u00edc\u00ed sport, kter\u00fd si v \u010cesk\u00e9 republice postupn\u011b z\u00edsk\u00e1v\u00e1 srdce fanou\u0161k\u016f a hr\u00e1\u010d\u016f.<\/p>\n<p style=\"text-align: left;\">P\u0159esto\u017ee je st\u00e1le pova\u017eov\u00e1n za mlad\u00fd sport, jeho popularita neust\u00e1le roste. Na\u0161e reprezentace a klubov\u00e9 t\u00fdmy se v\u0161ak st\u00e1le spol\u00e9haj\u00ed na samofinancov\u00e1n\u00ed hr\u00e1\u010dek, hr\u00e1\u010d\u016f a realiza\u010dn\u00edch t\u00fdm\u016f.<\/p>\n<p style=\"text-align: left;\">D\u00edky na\u0161im partner\u016fm m\u016f\u017eeme tyto n\u00e1klady sn\u00ed\u017eit a umo\u017enit v\u011bt\u0161\u00ed zapojen\u00ed talentovan\u00fdch sportovc\u016f do ringetov\u00fdch aktivit.<\/p>\n<p style=\"text-align: left;\"><b class=\"html-b xdj266r x11i5rnm xat24cr x1mh8g0r xexx8yu x4uap5 x18d9i69 xkhd6sd x1hl2dhg x16tdsg8 x1vvkbs\">Jak\u00e9 jsou aktu\u00e1ln\u00ed p\u0159\u00edle\u017eitosti pro partnerstv\u00ed?<\/b><\/p>\n<p style=\"text-align: left;\"><b class=\"html-b xdj266r x11i5rnm xat24cr x1mh8g0r xexx8yu x4uap5 x18d9i69 xkhd6sd x1hl2dhg x16tdsg8 x1vvkbs\">Reprezenta\u010dn\u00ed t\u00fdm:<\/b> P\u0159ipravujeme se na \u00fa\u010dast na Mistrovstv\u00ed sv\u011bta v ringetu 3. &#8211; 9. listopadu2025 v Lahti, Finsko.<\/p>\n<p style=\"text-align: left;\"><b class=\"html-b xdj266r x11i5rnm xat24cr x1mh8g0r xexx8yu x4uap5 x18d9i69 xkhd6sd x1hl2dhg x16tdsg8 x1vvkbs\">Mistrovstv\u00ed \u010cesk\u00e9 republiky 2025:<\/b> Podpo\u0159te n\u00e1\u0161 nejv\u00fdznamn\u011bj\u0161\u00ed dom\u00e1c\u00ed turnaj.<\/p>\n<p style=\"text-align: left;\"><b class=\"html-b xdj266r x11i5rnm xat24cr x1mh8g0r xexx8yu x4uap5 x18d9i69 xkhd6sd x1hl2dhg x16tdsg8 x1vvkbs\">Rozvojov\u00e9 projekty: <\/b>Investujte do budoucnosti ringetu, podpo\u0159te n\u00e1bor nov\u00fdch hr\u00e1\u010d\u016f a dal\u0161\u00ed rozvojov\u00e9 aktivity.<\/p>\n<p style=\"text-align: left;\"><b class=\"html-b xdj266r x11i5rnm xat24cr x1mh8g0r xexx8yu x4uap5 x18d9i69 xkhd6sd x1hl2dhg x16tdsg8 x1vvkbs\">Jak m\u016f\u017eete podpo\u0159it?<\/b><\/p>\n<p style=\"text-align: left;\"><b class=\"html-b xdj266r x11i5rnm xat24cr x1mh8g0r xexx8yu x4uap5 x18d9i69 xkhd6sd x1hl2dhg x16tdsg8 x1vvkbs\">Finan\u010dn\u011b:<\/b> Prost\u0159edky pou\u017eijeme na pokryt\u00ed n\u00e1klad\u016f jako jsou letenky, ubytov\u00e1n\u00ed, stravov\u00e1n\u00ed a doprava pro t\u00fdm b\u011bhem MS, pron\u00e1jem ledov\u00fdch ploch a organizaci n\u00e1borov\u00fdch akc\u00ed.<\/p>\n<p style=\"text-align: left;\"><b class=\"html-b xdj266r x11i5rnm xat24cr x1mh8g0r xexx8yu x4uap5 x18d9i69 xkhd6sd x1hl2dhg x16tdsg8 x1vvkbs\">Materi\u00e1ln\u011b:<\/b> Pot\u0159ebujeme t\u00fdmov\u00e9 oble\u010den\u00ed, v\u00fdstroj, vybaven\u00ed a propaga\u010dn\u00ed materi\u00e1ly.<\/p>\n<p style=\"text-align: left;\"><b class=\"html-b xdj266r x11i5rnm xat24cr x1mh8g0r xexx8yu x4uap5 x18d9i69 xkhd6sd x1hl2dhg x16tdsg8 x1vvkbs\">Co nab\u00edz\u00edme na\u0161im partner\u016fm?<\/b><\/p>\n<p style=\"text-align: left;\"><b class=\"html-b xdj266r x11i5rnm xat24cr x1mh8g0r xexx8yu x4uap5 x18d9i69 xkhd6sd x1hl2dhg x16tdsg8 x1vvkbs\">Viditelnost zna\u010dky:<\/b> V\u00e1\u0161 logo na dresech, helm\u00e1ch, a kalhot\u00e1ch reprezentace, reklamn\u00ed bannery na ofici\u00e1ln\u00edch str\u00e1nk\u00e1ch svazu a na soci\u00e1ln\u00edch s\u00edt\u00edch, na zimn\u00edm stadionu b\u011bhem M\u010cR a dal\u0161\u00edch akc\u00ed.<\/p>\n<p style=\"text-align: left;\"><b class=\"html-b xdj266r x11i5rnm xat24cr x1mh8g0r xexx8yu x4uap5 x18d9i69 xkhd6sd x1hl2dhg x16tdsg8 x1vvkbs\">Propagace ve sd\u011blovac\u00edch prost\u0159edc\u00edch:<\/b> Va\u0161e logo bude sou\u010d\u00e1st\u00ed v\u0161ech ofici\u00e1ln\u00edch propaga\u010dn\u00edch materi\u00e1l\u016f, v\u010detn\u011b televizn\u00edch p\u0159enos\u016f a merchandise produkt\u016f.<\/p>\n<p style=\"text-align: left;\"><b class=\"html-b xdj266r x11i5rnm xat24cr x1mh8g0r xexx8yu x4uap5 x18d9i69 xkhd6sd x1hl2dhg x16tdsg8 x1vvkbs\">Zapojen\u00ed do akc\u00ed:<\/b> Mo\u017enost \u00fa\u010dasti na ceremoni\u00e1lech a p\u0159ed\u00e1v\u00e1n\u00ed cen na M\u010cR.<\/p>\n<p style=\"text-align: left;\"><b class=\"html-b xdj266r x11i5rnm xat24cr x1mh8g0r xexx8yu x4uap5 x18d9i69 xkhd6sd x1hl2dhg x16tdsg8 x1vvkbs\">Zajist\u011bte si viditelnost va\u0161\u00ed zna\u010dky a podpo\u0159te rozvoj ringetu v \u010cesk\u00e9 republice prost\u0159ednictv\u00edm strategick\u00e9ho partnerstv\u00ed. Spole\u010dn\u011b m\u016f\u017eeme otev\u0159\u00edt dve\u0159e nov\u00fdm p\u0159\u00edle\u017eitostem a podpo\u0159it sportovn\u00ed talenty na\u0161\u00ed zem\u011b<\/b><\/p>\n<p style=\"text-align: left;\">Pro v\u00edce informac\u00ed o partnerstv\u00ed a podm\u00ednk\u00e1ch spolupr\u00e1ce n\u00e1s nev\u00e1hejte kontaktovat. T\u011b\u0161\u00edme se na mo\u017enost spolupracovat s v\u00e1mi na podpo\u0159e \u010desk\u00e9ho ringetu.<\/p>\n","protected":false},"excerpt":{"rendered":"<p>P\u0159idejte se k podpo\u0159e vzestupu ringetu v \u010cesk\u00e9 republice! \u00a0Ringet, dynamick\u00fd a vzru\u0161uj\u00edc\u00ed sport, kter\u00fd si v \u010cesk\u00e9 republice postupn\u011b z\u00edsk\u00e1v\u00e1 srdce fanou\u0161k\u016f a hr\u00e1\u010d\u016f. P\u0159esto\u017ee je st\u00e1le pova\u017eov\u00e1n za mlad\u00fd sport, jeho popularita neust\u00e1le roste. Na\u0161e reprezentace a klubov\u00e9 t\u00fdmy se v\u0161ak st\u00e1le spol\u00e9haj\u00ed na samofinancov\u00e1n\u00ed hr\u00e1\u010dek, hr\u00e1\u010d\u016f a realiza\u010dn\u00edch t\u00fdm\u016f. D\u00edky na\u0161im partner\u016fm &hellip; <a href=\"https:\/\/www.ringet.cz\/\" class=\"more-link\">Pokra\u010dov\u00e1n\u00ed textu <span class=\"screen-reader-text\"><\/span> <span class=\"meta-nav\">&rarr;<\/span><\/a><\/p>\n","protected":false},"author":1,"featured_media":0,"parent":0,"menu_order":0,"comment_status":"closed","ping_status":"closed","template":"","meta":{"footnotes":""},"class_list":["post-1330","page","type-page","status-publish","hentry"],"_links":{"self":[{"href":"https:\/\/www.ringet.cz\/index.php?rest_route=\/wp\/v2\/pages\/1330","targetHints":{"allow":["GET"]}}],"collection":[{"href":"https:\/\/www.ringet.cz\/index.php?rest_route=\/wp\/v2\/pages"}],"about":[{"href":"https:\/\/www.ringet.cz\/index.php?rest_route=\/wp\/v2\/types\/page"}],"author":[{"embeddable":true,"href":"https:\/\/www.ringet.cz\/index.php?rest_route=\/wp\/v2\/users\/1"}],"replies":[{"embeddable":true,"href":"https:\/\/www.ringet.cz\/index.php?rest_route=%2Fwp%2Fv2%2Fcomments&post=1330"}],"version-history":[{"count":16,"href":"https:\/\/www.ringet.cz\/index.php?rest_route=\/wp\/v2\/pages\/1330\/revisions"}],"predecessor-version":[{"id":1415,"href":"https:\/\/www.ringet.cz\/index.php?rest_route=\/wp\/v2\/pages\/1330\/revisions\/1415"}],"wp:attachment":[{"href":"https:\/\/www.ringet.cz\/index.php?rest_route=%2Fwp%2Fv2%2Fmedia&parent=1330"}],"curies":[{"name":"wp","href":"https:\/\/api.w.org\/{rel}","templated":true}]}}