{"id":26,"date":"2016-01-24T16:15:40","date_gmt":"2016-01-24T16:15:40","guid":{"rendered":"http:\/\/test.ringet.cz\/domains\/test.ringet.cz\/?page_id=26"},"modified":"2023-07-11T19:38:34","modified_gmt":"2023-07-11T19:38:34","slug":"historie-ringetu","status":"publish","type":"page","link":"https:\/\/www.ringet.cz\/?page_id=26","title":{"rendered":"Historie ringetu"},"content":{"rendered":"<p><a href=\"http:\/\/ringet.cz\/domains\/ringet.cz\/wp-content\/uploads\/2016\/01\/histoire-ann-arbor-ringuette.jpg\"><img loading=\"lazy\" decoding=\"async\" class=\"alignleft wp-image-87 size-medium\" src=\"http:\/\/ringet.cz\/domains\/ringet.cz\/wp-content\/uploads\/2016\/01\/histoire-ann-arbor-ringuette-300x125.jpg\" alt=\"\" width=\"300\" height=\"125\" srcset=\"http:\/\/ringet.cz\/domains\/ringet.cz\/wp-content\/uploads\/2016\/01\/histoire-ann-arbor-ringuette-300x125.jpg 300w, http:\/\/ringet.cz\/domains\/ringet.cz\/wp-content\/uploads\/2016\/01\/histoire-ann-arbor-ringuette.jpg 600w\" sizes=\"auto, (max-width: 300px) 100vw, 300px\" \/><\/a>Pravidla ringetu vymysleli v roce 1963 Sam Jacks a Mirl McCarthy v kanadsk\u00e9m Sudbury Ontario). Ve stejn\u00e9m roce se odehr\u00e1l, ve m\u011bst\u011b Espanola, i prvn\u00ed ringetov\u00fd z\u00e1pas. V letech 1964-1965 se vytvo\u0159ila prvn\u00ed ringetov\u00e1 liga, kterou hr\u00e1ly 4 t\u00fdmy. Ringet je rychl\u00fd, kolektivn\u00ed a bezkontaktn\u00ed sport ur\u010den\u00fd p\u0159ev\u00e1\u017en\u011b d\u00edvk\u00e1m a \u017een\u00e1m. Vzd\u00e1len\u011b p\u0159ipom\u00edn\u00e1 ledn\u00ed hokej, ale najdou se v n\u011bm prvky z jin\u00fdch sport\u016f, nap\u0159.basketbalu.<\/p>\n<figure id=\"attachment_85\" aria-describedby=\"caption-attachment-85\" style=\"width: 300px\" class=\"wp-caption alignnone\"><a href=\"http:\/\/ringet.cz\/domains\/ringet.cz\/wp-content\/uploads\/2016\/01\/1297508247195_ORIGINAL.jpg\"><img loading=\"lazy\" decoding=\"async\" class=\"size-medium wp-image-85\" src=\"http:\/\/ringet.cz\/domains\/ringet.cz\/wp-content\/uploads\/2016\/01\/1297508247195_ORIGINAL-300x227.jpg\" alt=\"\" width=\"300\" height=\"227\" srcset=\"http:\/\/ringet.cz\/domains\/ringet.cz\/wp-content\/uploads\/2016\/01\/1297508247195_ORIGINAL-300x227.jpg 300w, http:\/\/ringet.cz\/domains\/ringet.cz\/wp-content\/uploads\/2016\/01\/1297508247195_ORIGINAL.jpg 638w\" sizes=\"auto, (max-width: 300px) 100vw, 300px\" \/><\/a><figcaption id=\"caption-attachment-85\" class=\"wp-caption-text\">Sam Jacks a Mirl McCarthy<\/figcaption><\/figure>\n<p style=\"text-align: left;\"><strong>Historie ringetu v \u010cR<\/strong><\/p>\n<p>Do \u010cesk\u00e9 republiky se ringet dostal n\u00e1hodou jako dopln\u011bk tr\u00e9nink\u016f \u017eensk\u00e9ho hokejov\u00e9ho t\u00fdmu HC Esa, na ja\u0159e 2013. B\u011bhem l\u00e9ta vze\u0161el n\u00e1pad v\u011bnovat se ringetu jako samostatn\u00e9mu sportu. V \u0159\u00edjnu 2013 byl zalo\u017een \u010cesk\u00fd svaz ringetu. \u010cesk\u00e1 republika je \u010dlenem Mezin\u00e1rodn\u00ed ringetov\u00e9 federace od \u010dervence 2015.<\/p>\n<p>\u010cesk\u00e1 reprezentace se poprv\u00e9 p\u0159edstavila na mezin\u00e1rodn\u00ed sc\u00e9n\u011b na turnaji Czech Ringette Challenge Cup 2014. Prvn\u00ed z\u00e1pas odehr\u00e1la s t\u00fdmem Polar Bears (CAN) 25.7.2014.<\/p>\n<p>Prvn\u00ed origin\u00e1ln\u00ed hole a ringy pro \u010desk\u00e9 t\u00fdmy daroval finsk\u00fd ringetov\u00fd klub Hyvink\u00e4\u00e4 Ringette Edustusjoukkue.<\/p>\n<p>Prvn\u00ed \u00fa\u010dast \u010desk\u00e9ho reprezenta\u010dn\u00edho t\u00fdmu na Mistrovstv\u00ed sv\u011bta v ringetu. Finsko, Helsinky 27.12.2015 &#8211; 4.1.2016<\/p>\n<p><a href=\"http:\/\/ringet.cz\/domains\/ringet.cz\/wp-content\/uploads\/2016\/01\/teamfinsko.jpg\"><img loading=\"lazy\" decoding=\"async\" class=\"alignnone size-medium wp-image-279\" src=\"http:\/\/ringet.cz\/domains\/ringet.cz\/wp-content\/uploads\/2016\/01\/teamfinsko-300x200.jpg\" alt=\"\" width=\"300\" height=\"200\" srcset=\"http:\/\/ringet.cz\/domains\/ringet.cz\/wp-content\/uploads\/2016\/01\/teamfinsko-300x200.jpg 300w, http:\/\/ringet.cz\/domains\/ringet.cz\/wp-content\/uploads\/2016\/01\/teamfinsko.jpg 960w\" sizes=\"auto, (max-width: 300px) 100vw, 300px\" \/><\/a><\/p>\n","protected":false},"excerpt":{"rendered":"<p>Pravidla ringetu vymysleli v roce 1963 Sam Jacks a Mirl McCarthy v kanadsk\u00e9m Sudbury Ontario). Ve stejn\u00e9m roce se odehr\u00e1l, ve m\u011bst\u011b Espanola, i prvn\u00ed ringetov\u00fd z\u00e1pas. V letech 1964-1965 se vytvo\u0159ila prvn\u00ed ringetov\u00e1 liga, kterou hr\u00e1ly 4 t\u00fdmy. Ringet je rychl\u00fd, kolektivn\u00ed a bezkontaktn\u00ed sport ur\u010den\u00fd p\u0159ev\u00e1\u017en\u011b d\u00edvk\u00e1m a \u017een\u00e1m. Vzd\u00e1len\u011b p\u0159ipom\u00edn\u00e1 ledn\u00ed hokej, &hellip; <a href=\"https:\/\/www.ringet.cz\/?page_id=26\" class=\"more-link\">Pokra\u010dov\u00e1n\u00ed textu <span class=\"screen-reader-text\">Historie ringetu<\/span> <span class=\"meta-nav\">&rarr;<\/span><\/a><\/p>\n","protected":false},"author":1,"featured_media":0,"parent":429,"menu_order":0,"comment_status":"closed","ping_status":"open","template":"","meta":{"footnotes":""},"class_list":["post-26","page","type-page","status-publish","hentry"],"_links":{"self":[{"href":"https:\/\/www.ringet.cz\/index.php?rest_route=\/wp\/v2\/pages\/26","targetHints":{"allow":["GET"]}}],"collection":[{"href":"https:\/\/www.ringet.cz\/index.php?rest_route=\/wp\/v2\/pages"}],"about":[{"href":"https:\/\/www.ringet.cz\/index.php?rest_route=\/wp\/v2\/types\/page"}],"author":[{"embeddable":true,"href":"https:\/\/www.ringet.cz\/index.php?rest_route=\/wp\/v2\/users\/1"}],"replies":[{"embeddable":true,"href":"https:\/\/www.ringet.cz\/index.php?rest_route=%2Fwp%2Fv2%2Fcomments&post=26"}],"version-history":[{"count":8,"href":"https:\/\/www.ringet.cz\/index.php?rest_route=\/wp\/v2\/pages\/26\/revisions"}],"predecessor-version":[{"id":1246,"href":"https:\/\/www.ringet.cz\/index.php?rest_route=\/wp\/v2\/pages\/26\/revisions\/1246"}],"up":[{"embeddable":true,"href":"https:\/\/www.ringet.cz\/index.php?rest_route=\/wp\/v2\/pages\/429"}],"wp:attachment":[{"href":"https:\/\/www.ringet.cz\/index.php?rest_route=%2Fwp%2Fv2%2Fmedia&parent=26"}],"curies":[{"name":"wp","href":"https:\/\/api.w.org\/{rel}","templated":true}]}}